{"id":26845,"date":"2024-11-10T15:52:55","date_gmt":"2024-11-10T14:52:55","guid":{"rendered":"https:\/\/vitalstoffversand.com\/produkt\/vit4ever-extracto-de-cissus-quadrangularis-180-capsulas\/"},"modified":"2026-03-14T18:41:13","modified_gmt":"2026-03-14T17:41:13","slug":"vit4ever-extracto-de-cissus-quadrangularis-180-capsulas","status":"publish","type":"product","link":"https:\/\/vitalstoffversand.com\/es\/producto\/vit4ever-extracto-de-cissus-quadrangularis-180-capsulas\/","title":{"rendered":"Vit4ever <br>Extracto de Cissus quadrangularis &#8211; 180 c\u00e1psulas"},"content":{"rendered":"<p>El Cissus Quadrangularis se utiliza en la medicina tradicional ayurv\u00e9dica para prevenir las fracturas \u00f3seas.<\/p>\n<p>A pesar de su creciente popularidad entre las personas mayores y los atletas, actualmente no existen pruebas m\u00e9dicas de la eficacia de la planta.<\/p>\n<ul>\n<li>Vegano<\/li>\n<li>Sin gluten<\/li>\n<li>Sin lactosa<\/li>\n<li>Sin OGM<\/li>\n<li>Fabricado seg\u00fan los estrictos est\u00e1ndares de calidad de la UE.<\/li>\n<\/ul>\n","protected":false},"excerpt":{"rendered":"<p>El Cissus Quadrangularis se utiliza en la medicina tradicional ayurv\u00e9dica para prevenir las fracturas \u00f3seas. A pesar de su creciente popularidad entre las personas mayores y los atletas, actualmente no existen pruebas m\u00e9dicas de la eficacia de la planta. Vegano Sin gluten Sin lactosa Sin OGM Fabricado seg\u00fan los estrictos est\u00e1ndares de calidad de la [&hellip;]<\/p>\n","protected":false},"featured_media":51914,"template":"","meta":{"_acf_changed":false},"product_brand":[10219],"product_cat":[350,363],"product_tag":[],"class_list":{"0":"post-26845","1":"product","2":"type-product","3":"status-publish","4":"has-post-thumbnail","6":"product_brand-vit4ever-es","7":"product_cat-nutrientes","8":"product_cat-productos-de-a-z","10":"first","11":"outofstock","12":"taxable","13":"shipping-taxable","14":"purchasable","15":"product-type-simple"},"acf":[],"_links":{"self":[{"href":"https:\/\/vitalstoffversand.com\/es\/wp-json\/wp\/v2\/product\/26845","targetHints":{"allow":["GET"]}}],"collection":[{"href":"https:\/\/vitalstoffversand.com\/es\/wp-json\/wp\/v2\/product"}],"about":[{"href":"https:\/\/vitalstoffversand.com\/es\/wp-json\/wp\/v2\/types\/product"}],"wp:featuredmedia":[{"embeddable":true,"href":"https:\/\/vitalstoffversand.com\/es\/wp-json\/wp\/v2\/media\/51914"}],"wp:attachment":[{"href":"https:\/\/vitalstoffversand.com\/es\/wp-json\/wp\/v2\/media?parent=26845"}],"wp:term":[{"taxonomy":"product_brand","embeddable":true,"href":"https:\/\/vitalstoffversand.com\/es\/wp-json\/wp\/v2\/product_brand?post=26845"},{"taxonomy":"product_cat","embeddable":true,"href":"https:\/\/vitalstoffversand.com\/es\/wp-json\/wp\/v2\/product_cat?post=26845"},{"taxonomy":"product_tag","embeddable":true,"href":"https:\/\/vitalstoffversand.com\/es\/wp-json\/wp\/v2\/product_tag?post=26845"}],"curies":[{"name":"wp","href":"https:\/\/api.w.org\/{rel}","templated":true}]}}