{"id":26844,"date":"2024-11-10T15:48:44","date_gmt":"2024-11-10T14:48:44","guid":{"rendered":"https:\/\/vitalstoffversand.com\/produkt\/vit4ever-extracto-de-algas-organicas-yodo-natural-365-comprimidos\/"},"modified":"2026-03-14T18:25:24","modified_gmt":"2026-03-14T17:25:24","slug":"vit4ever-extracto-de-algas-organicas-yodo-natural-365-comprimidos","status":"publish","type":"product","link":"https:\/\/vitalstoffversand.com\/es\/producto\/vit4ever-extracto-de-algas-organicas-yodo-natural-365-comprimidos\/","title":{"rendered":"Vit4ever <br>Extracto de algas org\u00e1nicas (yodo natural) &#8211; 365 comprimidos"},"content":{"rendered":"<p>El alga kelp org\u00e1nica es un alga parda que posee una proporci\u00f3n especialmente elevada de <a href=\"https:\/\/vitalstoffversand.com\/knowledge-base\/jod\/\" target=\"_blank\" rel=\"noopener\"><span style=\"color: #0000ff;\"><strong>\u2192yodo<\/strong><\/span><\/a> natural, que adem\u00e1s es altamente biodisponible.<\/p>\n<ul>\n<li>Vegano<\/li>\n<li>Sin gluten<\/li>\n<li>Sin lactosa<\/li>\n<li>Sin OGM<\/li>\n<li>Fabricado seg\u00fan los estrictos est\u00e1ndares de calidad de la UE.<\/li>\n<\/ul>\n","protected":false},"excerpt":{"rendered":"<p>El alga kelp org\u00e1nica es un alga parda que posee una proporci\u00f3n especialmente elevada de \u2192yodo natural, que adem\u00e1s es altamente biodisponible. Vegano Sin gluten Sin lactosa Sin OGM Fabricado seg\u00fan los estrictos est\u00e1ndares de calidad de la UE.<\/p>\n","protected":false},"featured_media":51874,"template":"","meta":{"_acf_changed":false},"product_brand":[10219],"product_cat":[342,303,363],"product_tag":[],"class_list":{"0":"post-26844","1":"product","2":"type-product","3":"status-publish","4":"has-post-thumbnail","6":"product_brand-vit4ever-es","7":"product_cat-minerales-y-oligoelementos","8":"product_cat-ecologico","9":"product_cat-productos-de-a-z","11":"first","12":"instock","13":"taxable","14":"shipping-taxable","15":"purchasable","16":"product-type-simple"},"acf":[],"_links":{"self":[{"href":"https:\/\/vitalstoffversand.com\/es\/wp-json\/wp\/v2\/product\/26844","targetHints":{"allow":["GET"]}}],"collection":[{"href":"https:\/\/vitalstoffversand.com\/es\/wp-json\/wp\/v2\/product"}],"about":[{"href":"https:\/\/vitalstoffversand.com\/es\/wp-json\/wp\/v2\/types\/product"}],"wp:featuredmedia":[{"embeddable":true,"href":"https:\/\/vitalstoffversand.com\/es\/wp-json\/wp\/v2\/media\/51874"}],"wp:attachment":[{"href":"https:\/\/vitalstoffversand.com\/es\/wp-json\/wp\/v2\/media?parent=26844"}],"wp:term":[{"taxonomy":"product_brand","embeddable":true,"href":"https:\/\/vitalstoffversand.com\/es\/wp-json\/wp\/v2\/product_brand?post=26844"},{"taxonomy":"product_cat","embeddable":true,"href":"https:\/\/vitalstoffversand.com\/es\/wp-json\/wp\/v2\/product_cat?post=26844"},{"taxonomy":"product_tag","embeddable":true,"href":"https:\/\/vitalstoffversand.com\/es\/wp-json\/wp\/v2\/product_tag?post=26844"}],"curies":[{"name":"wp","href":"https:\/\/api.w.org\/{rel}","templated":true}]}}