{"id":26827,"date":"2024-11-10T15:20:33","date_gmt":"2024-11-10T14:20:33","guid":{"rendered":"https:\/\/vitalstoffversand.com\/produkt\/vit4ever-citrato-acido-de-magnesio-600-g\/"},"modified":"2026-03-14T17:51:25","modified_gmt":"2026-03-14T16:51:25","slug":"vit4ever-citrato-acido-de-magnesio-600-g","status":"publish","type":"product","link":"https:\/\/vitalstoffversand.com\/es\/producto\/vit4ever-citrato-acido-de-magnesio-600-g\/","title":{"rendered":"Vit4ever <br>Citrato \u00e1cido de magnesio &#8211; 600 g"},"content":{"rendered":"<p>El cuerpo necesita<a href=\"https:\/\/vitalstoffversand.com\/knowledge-base\/magnesium\/\" target=\"_blank\" rel=\"noopener\"><strong><span style=\"color: #0000ff;\"> \u2192 magnesio<\/span><\/strong><\/a> para muchas funciones diferentes.<\/p>\n<p>El citrato \u00e1cido de magnesio es una sal magn\u00e9sica del \u00e1cido c\u00edtrico y es de la m\u00e1xima calidad y pureza.<\/p>\n<p>En comparaci\u00f3n con el citrato de magnesio \u00abnormal\u00bb, el citrato \u00e1cido de magnesio es un magnesio que contiene agua y se caracteriza por una solubilidad muy buena y un sabor s\u00f3lo ligeramente \u00e1cido.<\/p>\n<ul>\n<li>Vegano<\/li>\n<li>Sin gluten<\/li>\n<li>Sin lactosa<\/li>\n<li>Sin OGM<\/li>\n<li>Fabricado seg\u00fan los estrictos est\u00e1ndares de calidad de la UE.<\/li>\n<\/ul>\n","protected":false},"excerpt":{"rendered":"<p>El cuerpo necesita \u2192 magnesio para muchas funciones diferentes. El citrato \u00e1cido de magnesio es una sal magn\u00e9sica del \u00e1cido c\u00edtrico y es de la m\u00e1xima calidad y pureza. En comparaci\u00f3n con el citrato de magnesio \u00abnormal\u00bb, el citrato \u00e1cido de magnesio es un magnesio que contiene agua y se caracteriza por una solubilidad muy [&hellip;]<\/p>\n","protected":false},"featured_media":51649,"template":"","meta":{"_acf_changed":false},"product_brand":[10219],"product_cat":[342,363],"product_tag":[],"class_list":{"0":"post-26827","1":"product","2":"type-product","3":"status-publish","4":"has-post-thumbnail","6":"product_brand-vit4ever-es","7":"product_cat-minerales-y-oligoelementos","8":"product_cat-productos-de-a-z","10":"first","11":"instock","12":"taxable","13":"shipping-taxable","14":"purchasable","15":"product-type-simple"},"acf":[],"_links":{"self":[{"href":"https:\/\/vitalstoffversand.com\/es\/wp-json\/wp\/v2\/product\/26827","targetHints":{"allow":["GET"]}}],"collection":[{"href":"https:\/\/vitalstoffversand.com\/es\/wp-json\/wp\/v2\/product"}],"about":[{"href":"https:\/\/vitalstoffversand.com\/es\/wp-json\/wp\/v2\/types\/product"}],"wp:featuredmedia":[{"embeddable":true,"href":"https:\/\/vitalstoffversand.com\/es\/wp-json\/wp\/v2\/media\/51649"}],"wp:attachment":[{"href":"https:\/\/vitalstoffversand.com\/es\/wp-json\/wp\/v2\/media?parent=26827"}],"wp:term":[{"taxonomy":"product_brand","embeddable":true,"href":"https:\/\/vitalstoffversand.com\/es\/wp-json\/wp\/v2\/product_brand?post=26827"},{"taxonomy":"product_cat","embeddable":true,"href":"https:\/\/vitalstoffversand.com\/es\/wp-json\/wp\/v2\/product_cat?post=26827"},{"taxonomy":"product_tag","embeddable":true,"href":"https:\/\/vitalstoffversand.com\/es\/wp-json\/wp\/v2\/product_tag?post=26827"}],"curies":[{"name":"wp","href":"https:\/\/api.w.org\/{rel}","templated":true}]}}