{"id":26826,"date":"2024-11-14T17:27:09","date_gmt":"2024-11-14T16:27:09","guid":{"rendered":"https:\/\/vitalstoffversand.com\/produkt\/vit4ever-colageno-500-g\/"},"modified":"2026-03-14T17:39:07","modified_gmt":"2026-03-14T16:39:07","slug":"vit4ever-colageno-500-g","status":"publish","type":"product","link":"https:\/\/vitalstoffversand.com\/es\/producto\/vit4ever-colageno-500-g\/","title":{"rendered":"Vit4ever <br>Col\u00e1geno &#8211; 500 g"},"content":{"rendered":"<p>El col\u00e1geno se encuentra en grandes cantidades en huesos, tendones, ligamentos, articulaciones y piel.<\/p>\n<p>A trav\u00e9s de la hidr\u00f3lisis, el hidrolizado de col\u00e1geno Premium Peptolab-Light ya est\u00e1 descompuesto en peque\u00f1os l\u00edpidos y puede ser absorbido mejor por el organismo.<\/p>\n<p>Peptolab-Light contiene col\u00e1geno de tipo I y III, que incluye 18 amino\u00e1cidos, la mayor parte de los cuales est\u00e1n compuestos por glicina, prolina e hidroxiprolina. <\/p>\n<p><strong>Nota:<\/strong> Este producto no cuenta con certificaci\u00f3n halal.<\/p>\n<ul>\n<li>Sin gluten<\/li>\n<li>Sin lactosa<\/li>\n<li>Sin OGM<\/li>\n<li>Fabricado seg\u00fan los estrictos est\u00e1ndares de calidad de la UE.<\/li>\n<\/ul>\n","protected":false},"excerpt":{"rendered":"<p>El col\u00e1geno se encuentra en grandes cantidades en huesos, tendones, ligamentos, articulaciones y piel. A trav\u00e9s de la hidr\u00f3lisis, el hidrolizado de col\u00e1geno Premium Peptolab-Light ya est\u00e1 descompuesto en peque\u00f1os l\u00edpidos y puede ser absorbido mejor por el organismo. Peptolab-Light contiene col\u00e1geno de tipo I y III, que incluye 18 amino\u00e1cidos, la mayor parte de [&hellip;]<\/p>\n","protected":false},"featured_media":62427,"template":"","meta":{"_acf_changed":false},"product_brand":[10219],"product_cat":[343,363],"product_tag":[],"class_list":{"0":"post-26826","1":"product","2":"type-product","3":"status-publish","4":"has-post-thumbnail","6":"product_brand-vit4ever-es","7":"product_cat-proteinas","8":"product_cat-productos-de-a-z","10":"first","11":"outofstock","12":"taxable","13":"shipping-taxable","14":"purchasable","15":"product-type-simple"},"acf":[],"_links":{"self":[{"href":"https:\/\/vitalstoffversand.com\/es\/wp-json\/wp\/v2\/product\/26826","targetHints":{"allow":["GET"]}}],"collection":[{"href":"https:\/\/vitalstoffversand.com\/es\/wp-json\/wp\/v2\/product"}],"about":[{"href":"https:\/\/vitalstoffversand.com\/es\/wp-json\/wp\/v2\/types\/product"}],"wp:featuredmedia":[{"embeddable":true,"href":"https:\/\/vitalstoffversand.com\/es\/wp-json\/wp\/v2\/media\/62427"}],"wp:attachment":[{"href":"https:\/\/vitalstoffversand.com\/es\/wp-json\/wp\/v2\/media?parent=26826"}],"wp:term":[{"taxonomy":"product_brand","embeddable":true,"href":"https:\/\/vitalstoffversand.com\/es\/wp-json\/wp\/v2\/product_brand?post=26826"},{"taxonomy":"product_cat","embeddable":true,"href":"https:\/\/vitalstoffversand.com\/es\/wp-json\/wp\/v2\/product_cat?post=26826"},{"taxonomy":"product_tag","embeddable":true,"href":"https:\/\/vitalstoffversand.com\/es\/wp-json\/wp\/v2\/product_tag?post=26826"}],"curies":[{"name":"wp","href":"https:\/\/api.w.org\/{rel}","templated":true}]}}