{"id":26815,"date":"2024-11-10T14:04:16","date_gmt":"2024-11-10T13:04:16","guid":{"rendered":"https:\/\/vitalstoffversand.com\/produkt\/vit4ever-l-tirosina-500-g\/"},"modified":"2026-03-14T17:30:05","modified_gmt":"2026-03-14T16:30:05","slug":"vit4ever-l-tirosina-500-g","status":"publish","type":"product","link":"https:\/\/vitalstoffversand.com\/es\/producto\/vit4ever-l-tirosina-500-g\/","title":{"rendered":"Vit4ever <br>L-tirosina &#8211; 500 g"},"content":{"rendered":"<p>La L-tirosina pertenece a los neurotransmisores (sustancias mensajeras del sistema nervioso) y es un amino\u00e1cido proteinog\u00e9nico no esencial.<\/p>\n<p>Favorece la producci\u00f3n de dopamina, que tambi\u00e9n se conoce como la hormona de la felicidad y, adem\u00e1s de la sensaci\u00f3n de felicidad, tambi\u00e9n puede aumentar la concentraci\u00f3n, el estado de \u00e1nimo y la capacidad de reacci\u00f3n.<\/p>\n<ul>\n<li>Vegano<\/li>\n<li>Sin gluten<\/li>\n<li>Sin lactosa<\/li>\n<li>Sin OGM<\/li>\n<li>Fabricado seg\u00fan los estrictos est\u00e1ndares de calidad de la UE.<\/li>\n<\/ul>\n","protected":false},"excerpt":{"rendered":"<p>La L-tirosina pertenece a los neurotransmisores (sustancias mensajeras del sistema nervioso) y es un amino\u00e1cido proteinog\u00e9nico no esencial. Favorece la producci\u00f3n de dopamina, que tambi\u00e9n se conoce como la hormona de la felicidad y, adem\u00e1s de la sensaci\u00f3n de felicidad, tambi\u00e9n puede aumentar la concentraci\u00f3n, el estado de \u00e1nimo y la capacidad de reacci\u00f3n. Vegano [&hellip;]<\/p>\n","protected":false},"featured_media":51521,"template":"","meta":{"_acf_changed":false},"product_brand":[10219],"product_cat":[334,363],"product_tag":[],"class_list":{"0":"post-26815","1":"product","2":"type-product","3":"status-publish","4":"has-post-thumbnail","6":"product_brand-vit4ever-es","7":"product_cat-aminoacidos","8":"product_cat-productos-de-a-z","10":"first","11":"instock","12":"taxable","13":"shipping-taxable","14":"purchasable","15":"product-type-simple"},"acf":[],"_links":{"self":[{"href":"https:\/\/vitalstoffversand.com\/es\/wp-json\/wp\/v2\/product\/26815","targetHints":{"allow":["GET"]}}],"collection":[{"href":"https:\/\/vitalstoffversand.com\/es\/wp-json\/wp\/v2\/product"}],"about":[{"href":"https:\/\/vitalstoffversand.com\/es\/wp-json\/wp\/v2\/types\/product"}],"wp:featuredmedia":[{"embeddable":true,"href":"https:\/\/vitalstoffversand.com\/es\/wp-json\/wp\/v2\/media\/51521"}],"wp:attachment":[{"href":"https:\/\/vitalstoffversand.com\/es\/wp-json\/wp\/v2\/media?parent=26815"}],"wp:term":[{"taxonomy":"product_brand","embeddable":true,"href":"https:\/\/vitalstoffversand.com\/es\/wp-json\/wp\/v2\/product_brand?post=26815"},{"taxonomy":"product_cat","embeddable":true,"href":"https:\/\/vitalstoffversand.com\/es\/wp-json\/wp\/v2\/product_cat?post=26815"},{"taxonomy":"product_tag","embeddable":true,"href":"https:\/\/vitalstoffversand.com\/es\/wp-json\/wp\/v2\/product_tag?post=26815"}],"curies":[{"name":"wp","href":"https:\/\/api.w.org\/{rel}","templated":true}]}}