{"id":26795,"date":"2024-11-10T13:54:35","date_gmt":"2024-11-10T12:54:35","guid":{"rendered":"https:\/\/vitalstoffversand.com\/produkt\/vit4ever-alholva-ecologica-activada-365-capsulas\/"},"modified":"2026-03-14T17:12:49","modified_gmt":"2026-03-14T16:12:49","slug":"vit4ever-alholva-ecologica-activada-365-capsulas","status":"publish","type":"product","link":"https:\/\/vitalstoffversand.com\/es\/producto\/vit4ever-alholva-ecologica-activada-365-capsulas\/","title":{"rendered":"Vit4ever <br>Alholva ecol\u00f3gica activada &#8211; 365 c\u00e1psulas"},"content":{"rendered":"<p>Las semillas de alholva contienen ingredientes valiosos como \u00e1cido asc\u00f3rbico, calcio, vitamina C, vitamina B6, hierro, magnesio y prote\u00ednas.<\/p>\n<p>Las c\u00e1psulas de fenogreco ecol\u00f3gico contienen una materia prima natural activada.<\/p>\n<ul>\n<li>Vegano<\/li>\n<li>Sin gluten<\/li>\n<li>Sin lactosa<\/li>\n<li>Sin OGM<\/li>\n<li>Fabricado seg\u00fan los estrictos est\u00e1ndares de calidad de la UE.<\/li>\n<\/ul>\n","protected":false},"excerpt":{"rendered":"<p>Las semillas de alholva contienen ingredientes valiosos como \u00e1cido asc\u00f3rbico, calcio, vitamina C, vitamina B6, hierro, magnesio y prote\u00ednas. Las c\u00e1psulas de fenogreco ecol\u00f3gico contienen una materia prima natural activada. Vegano Sin gluten Sin lactosa Sin OGM Fabricado seg\u00fan los estrictos est\u00e1ndares de calidad de la UE.<\/p>\n","protected":false},"featured_media":51345,"template":"","meta":{"_acf_changed":false},"product_brand":[10219],"product_cat":[350,303,363],"product_tag":[],"class_list":{"0":"post-26795","1":"product","2":"type-product","3":"status-publish","4":"has-post-thumbnail","6":"product_brand-vit4ever-es","7":"product_cat-nutrientes","8":"product_cat-ecologico","9":"product_cat-productos-de-a-z","11":"first","12":"instock","13":"taxable","14":"shipping-taxable","15":"purchasable","16":"product-type-simple"},"acf":[],"_links":{"self":[{"href":"https:\/\/vitalstoffversand.com\/es\/wp-json\/wp\/v2\/product\/26795","targetHints":{"allow":["GET"]}}],"collection":[{"href":"https:\/\/vitalstoffversand.com\/es\/wp-json\/wp\/v2\/product"}],"about":[{"href":"https:\/\/vitalstoffversand.com\/es\/wp-json\/wp\/v2\/types\/product"}],"wp:featuredmedia":[{"embeddable":true,"href":"https:\/\/vitalstoffversand.com\/es\/wp-json\/wp\/v2\/media\/51345"}],"wp:attachment":[{"href":"https:\/\/vitalstoffversand.com\/es\/wp-json\/wp\/v2\/media?parent=26795"}],"wp:term":[{"taxonomy":"product_brand","embeddable":true,"href":"https:\/\/vitalstoffversand.com\/es\/wp-json\/wp\/v2\/product_brand?post=26795"},{"taxonomy":"product_cat","embeddable":true,"href":"https:\/\/vitalstoffversand.com\/es\/wp-json\/wp\/v2\/product_cat?post=26795"},{"taxonomy":"product_tag","embeddable":true,"href":"https:\/\/vitalstoffversand.com\/es\/wp-json\/wp\/v2\/product_tag?post=26795"}],"curies":[{"name":"wp","href":"https:\/\/api.w.org\/{rel}","templated":true}]}}