{"id":26616,"date":"2024-11-10T13:41:43","date_gmt":"2024-11-10T12:41:43","guid":{"rendered":"https:\/\/vitalstoffversand.com\/produkt\/vit4ever-calcio-magnesio-365-comprimidos\/"},"modified":"2026-03-14T17:05:24","modified_gmt":"2026-03-14T16:05:24","slug":"vit4ever-calcio-magnesio-365-comprimidos","status":"publish","type":"product","link":"https:\/\/vitalstoffversand.com\/es\/producto\/vit4ever-calcio-magnesio-365-comprimidos\/","title":{"rendered":"Vit4ever <br>Calcio + Magnesio &#8211; 365 comprimidos"},"content":{"rendered":"<p><a href=\"https:\/\/vitalstoffversand.com\/knowledge-base\/calcium\/\" target=\"_blank\" rel=\"noopener\"><strong><span style=\"color: #0000ff;\">\u2192 El calcio<\/span><\/strong><\/a> y el <a href=\"https:\/\/vitalstoffversand.com\/knowledge-base\/magnesium\/\" target=\"_blank\" rel=\"noopener\"><strong><span style=\"color: #0000ff;\">\u2192 magnesio<\/span><\/strong><\/a> se encuentran entre los minerales m\u00e1s importantes que necesita nuestro cuerpo.<\/p>\n<p>Los comprimidos de Calcio + Magnesio de vit4ever contienen una proporci\u00f3n ideal de 2:1 de calcio y magnesio.<\/p>\n<ul>\n<li>Vegano<\/li>\n<li>Sin gluten<\/li>\n<li>Sin lactosa<\/li>\n<li>Sin OGM<\/li>\n<li>Fabricado seg\u00fan los estrictos est\u00e1ndares de calidad de la UE.<\/li>\n<\/ul>\n","protected":false},"excerpt":{"rendered":"<p>\u2192 El calcio y el \u2192 magnesio se encuentran entre los minerales m\u00e1s importantes que necesita nuestro cuerpo. Los comprimidos de Calcio + Magnesio de vit4ever contienen una proporci\u00f3n ideal de 2:1 de calcio y magnesio. Vegano Sin gluten Sin lactosa Sin OGM Fabricado seg\u00fan los estrictos est\u00e1ndares de calidad de la UE.<\/p>\n","protected":false},"featured_media":51241,"template":"","meta":{"_acf_changed":false},"product_brand":[10219],"product_cat":[342,363],"product_tag":[],"class_list":{"0":"post-26616","1":"product","2":"type-product","3":"status-publish","4":"has-post-thumbnail","6":"product_brand-vit4ever-es","7":"product_cat-minerales-y-oligoelementos","8":"product_cat-productos-de-a-z","10":"first","11":"instock","12":"taxable","13":"shipping-taxable","14":"purchasable","15":"product-type-simple"},"acf":[],"_links":{"self":[{"href":"https:\/\/vitalstoffversand.com\/es\/wp-json\/wp\/v2\/product\/26616","targetHints":{"allow":["GET"]}}],"collection":[{"href":"https:\/\/vitalstoffversand.com\/es\/wp-json\/wp\/v2\/product"}],"about":[{"href":"https:\/\/vitalstoffversand.com\/es\/wp-json\/wp\/v2\/types\/product"}],"wp:featuredmedia":[{"embeddable":true,"href":"https:\/\/vitalstoffversand.com\/es\/wp-json\/wp\/v2\/media\/51241"}],"wp:attachment":[{"href":"https:\/\/vitalstoffversand.com\/es\/wp-json\/wp\/v2\/media?parent=26616"}],"wp:term":[{"taxonomy":"product_brand","embeddable":true,"href":"https:\/\/vitalstoffversand.com\/es\/wp-json\/wp\/v2\/product_brand?post=26616"},{"taxonomy":"product_cat","embeddable":true,"href":"https:\/\/vitalstoffversand.com\/es\/wp-json\/wp\/v2\/product_cat?post=26616"},{"taxonomy":"product_tag","embeddable":true,"href":"https:\/\/vitalstoffversand.com\/es\/wp-json\/wp\/v2\/product_tag?post=26616"}],"curies":[{"name":"wp","href":"https:\/\/api.w.org\/{rel}","templated":true}]}}