{"id":2629,"date":"2024-10-30T11:22:37","date_gmt":"2024-10-30T10:22:37","guid":{"rendered":"https:\/\/dev.vitalstoffversand.com\/?post_type=product&#038;p=2629"},"modified":"2026-03-12T14:47:33","modified_gmt":"2026-03-12T13:47:33","slug":"vit4ever-vitamina-a-3000-%c2%b5g-10-000-u-i-240-comprimidos-kopie-kopie-kopie","status":"publish","type":"product","link":"https:\/\/vitalstoffversand.com\/es\/producto\/vit4ever-vitamina-a-3000-%c2%b5g-10-000-u-i-240-comprimidos-kopie-kopie-kopie\/","title":{"rendered":"Vit4ever <br>Beta\u00edna HCL &#8211; 240 c\u00e1psulas"},"content":{"rendered":"<p><span style=\"color: #000000;\">El derivado amino\u00e1cido <\/span><a href=\"https:\/\/vitalstoffversand.com\/knowledge-base\/betain\/\" target=\"_blank\" rel=\"noopener\"><span style=\"color: #0000ff;\"><strong>\u2192 Beta\u00edna<\/strong><\/span><\/a> es un derivado de amino\u00e1cido y, seg\u00fan el Reglamento sobre declaraciones de propiedades saludables, contribuye a la salud del organismo con una ingesta diaria de al menos 1.500 mg contribuyen a un metabolismo normal de la homociste\u00edna.<\/p>\n<p>El producto se optimiza a\u00f1adiendo la enzima pepsina propia del organismo y extracto de ra\u00edz de genciana, que es una sustancia amarga natural.<\/p>\n<ul>\n<li>Sin gluten<\/li>\n<li>Sin lactosa<\/li>\n<li>Sin OGM<\/li>\n<li>Fabricado seg\u00fan los estrictos est\u00e1ndares de calidad de la UE.<\/li>\n<\/ul>\n","protected":false},"excerpt":{"rendered":"<p>El derivado amino\u00e1cido \u2192 Beta\u00edna es un derivado de amino\u00e1cido y, seg\u00fan el Reglamento sobre declaraciones de propiedades saludables, contribuye a la salud del organismo con una ingesta diaria de al menos 1.500 mg contribuyen a un metabolismo normal de la homociste\u00edna. El producto se optimiza a\u00f1adiendo la enzima pepsina propia del organismo y extracto [&hellip;]<\/p>\n","protected":false},"featured_media":49328,"template":"","meta":{"_acf_changed":false},"product_brand":[10219],"product_cat":[350,363],"product_tag":[],"class_list":{"0":"post-2629","1":"product","2":"type-product","3":"status-publish","4":"has-post-thumbnail","6":"product_brand-vit4ever-es","7":"product_cat-nutrientes","8":"product_cat-productos-de-a-z","10":"first","11":"instock","12":"taxable","13":"shipping-taxable","14":"purchasable","15":"product-type-simple"},"acf":[],"_links":{"self":[{"href":"https:\/\/vitalstoffversand.com\/es\/wp-json\/wp\/v2\/product\/2629","targetHints":{"allow":["GET"]}}],"collection":[{"href":"https:\/\/vitalstoffversand.com\/es\/wp-json\/wp\/v2\/product"}],"about":[{"href":"https:\/\/vitalstoffversand.com\/es\/wp-json\/wp\/v2\/types\/product"}],"wp:featuredmedia":[{"embeddable":true,"href":"https:\/\/vitalstoffversand.com\/es\/wp-json\/wp\/v2\/media\/49328"}],"wp:attachment":[{"href":"https:\/\/vitalstoffversand.com\/es\/wp-json\/wp\/v2\/media?parent=2629"}],"wp:term":[{"taxonomy":"product_brand","embeddable":true,"href":"https:\/\/vitalstoffversand.com\/es\/wp-json\/wp\/v2\/product_brand?post=2629"},{"taxonomy":"product_cat","embeddable":true,"href":"https:\/\/vitalstoffversand.com\/es\/wp-json\/wp\/v2\/product_cat?post=2629"},{"taxonomy":"product_tag","embeddable":true,"href":"https:\/\/vitalstoffversand.com\/es\/wp-json\/wp\/v2\/product_tag?post=2629"}],"curies":[{"name":"wp","href":"https:\/\/api.w.org\/{rel}","templated":true}]}}