{"id":25949,"date":"2025-04-10T15:20:48","date_gmt":"2025-04-10T13:20:48","guid":{"rendered":"https:\/\/vitalstoffversand.com\/produkt\/gen-clean-mass-gainer-3000-g-diferentes-sabores\/"},"modified":"2026-03-12T12:54:40","modified_gmt":"2026-03-12T11:54:40","slug":"gen-clean-mass-gainer-3000-g-diferentes-sabores","status":"publish","type":"product","link":"https:\/\/vitalstoffversand.com\/es\/producto\/gen-clean-mass-gainer-3000-g-diferentes-sabores\/","title":{"rendered":"GEN <br>Clean Mass Gainer &#8211; 3000 g &#8211; diferentes sabores"},"content":{"rendered":"<p>Clean Mass Gainer te proporciona una mezcla equilibrada de prote\u00ednas de alta calidad y carbohidratos complejos, y est\u00e1 disponible en 6 sabores.<\/p>\n<p>De este modo, puede aumentar eficazmente su ingesta de calor\u00edas como parte de una dieta consciente y proporcionar a su cuerpo la energ\u00eda que necesita.<\/p>\n<p>Tambi\u00e9n contiene bromelina y lactasa para favorecer la absorci\u00f3n de nutrientes.<\/p>\n<ul>\n<li>Vegano<\/li>\n<li>Fabricado seg\u00fan los estrictos est\u00e1ndares de calidad de la UE.<\/li>\n<\/ul>\n","protected":false},"excerpt":{"rendered":"<p>Clean Mass Gainer te proporciona una mezcla equilibrada de prote\u00ednas de alta calidad y carbohidratos complejos, y est\u00e1 disponible en 6 sabores. De este modo, puede aumentar eficazmente su ingesta de calor\u00edas como parte de una dieta consciente y proporcionar a su cuerpo la energ\u00eda que necesita. Tambi\u00e9n contiene bromelina y lactasa para favorecer la [&hellip;]<\/p>\n","protected":false},"featured_media":62541,"template":"","meta":{"_acf_changed":false},"product_brand":[10201],"product_cat":[350,363],"product_tag":[],"class_list":{"0":"post-25949","1":"product","2":"type-product","3":"status-publish","4":"has-post-thumbnail","6":"product_brand-gen-german-elite-nutrition-es","7":"product_cat-nutrientes","8":"product_cat-productos-de-a-z","10":"first","11":"instock","12":"taxable","13":"shipping-taxable","14":"purchasable","15":"product-type-variable"},"acf":[],"_links":{"self":[{"href":"https:\/\/vitalstoffversand.com\/es\/wp-json\/wp\/v2\/product\/25949","targetHints":{"allow":["GET"]}}],"collection":[{"href":"https:\/\/vitalstoffversand.com\/es\/wp-json\/wp\/v2\/product"}],"about":[{"href":"https:\/\/vitalstoffversand.com\/es\/wp-json\/wp\/v2\/types\/product"}],"wp:featuredmedia":[{"embeddable":true,"href":"https:\/\/vitalstoffversand.com\/es\/wp-json\/wp\/v2\/media\/62541"}],"wp:attachment":[{"href":"https:\/\/vitalstoffversand.com\/es\/wp-json\/wp\/v2\/media?parent=25949"}],"wp:term":[{"taxonomy":"product_brand","embeddable":true,"href":"https:\/\/vitalstoffversand.com\/es\/wp-json\/wp\/v2\/product_brand?post=25949"},{"taxonomy":"product_cat","embeddable":true,"href":"https:\/\/vitalstoffversand.com\/es\/wp-json\/wp\/v2\/product_cat?post=25949"},{"taxonomy":"product_tag","embeddable":true,"href":"https:\/\/vitalstoffversand.com\/es\/wp-json\/wp\/v2\/product_tag?post=25949"}],"curies":[{"name":"wp","href":"https:\/\/api.w.org\/{rel}","templated":true}]}}