{"id":25907,"date":"2025-04-10T17:25:01","date_gmt":"2025-04-10T15:25:01","guid":{"rendered":"https:\/\/vitalstoffversand.com\/?post_type=product&#038;p=25907"},"modified":"2026-03-12T13:02:33","modified_gmt":"2026-03-12T12:02:33","slug":"gen-fadogia-agrestis-180-capsulas-kopie","status":"publish","type":"product","link":"https:\/\/vitalstoffversand.com\/es\/producto\/gen-fadogia-agrestis-180-capsulas-kopie\/","title":{"rendered":"GEN <br>Esenciales para el Coraz\u00f3n &#8211; 120 c\u00e1psulas"},"content":{"rendered":"<p>El equilibrio del sistema cardiovascular no es una cuesti\u00f3n de edad, sino de cuidados diarios.<\/p>\n<p>Heart Essentials, compuesto por 8 ingredientes bioactivos, se ha desarrollado precisamente para este cuidado.<\/p>\n<p>Contiene: Arjuna, bergamota c\u00edtrica, casta\u00f1o de indias, resveratrol, coenzima Q10, hoja de olivo, piperina y <strong><span style=\"color: #0000ff;\"><a style=\"color: #0000ff;\" href=\"https:\/\/vitalstoffversand.com\/knowledge-base\/vitamin-b1-thiamin\/\" target=\"_blank\" rel=\"noopener\">\u2192 vitamina B1<\/a><\/span><\/strong>.<\/p>\n<ul>\n<li>Vegano<\/li>\n<li>Sin gluten<\/li>\n<li>Sin lactosa<\/li>\n<li>Sin OGM<\/li>\n<li>Fabricado seg\u00fan los estrictos est\u00e1ndares de calidad de la UE.<\/li>\n<\/ul>\n","protected":false},"excerpt":{"rendered":"<p>El equilibrio del sistema cardiovascular no es una cuesti\u00f3n de edad, sino de cuidados diarios. Heart Essentials, compuesto por 8 ingredientes bioactivos, se ha desarrollado precisamente para este cuidado. Contiene: Arjuna, bergamota c\u00edtrica, casta\u00f1o de indias, resveratrol, coenzima Q10, hoja de olivo, piperina y \u2192 vitamina B1. Vegano Sin gluten Sin lactosa Sin OGM Fabricado [&hellip;]<\/p>\n","protected":false},"featured_media":48032,"template":"","meta":{"_acf_changed":false},"product_brand":[10201],"product_cat":[350,363],"product_tag":[],"class_list":{"0":"post-25907","1":"product","2":"type-product","3":"status-publish","4":"has-post-thumbnail","6":"product_brand-gen-german-elite-nutrition-es","7":"product_cat-nutrientes","8":"product_cat-productos-de-a-z","10":"first","11":"instock","12":"taxable","13":"shipping-taxable","14":"purchasable","15":"product-type-simple"},"acf":[],"_links":{"self":[{"href":"https:\/\/vitalstoffversand.com\/es\/wp-json\/wp\/v2\/product\/25907","targetHints":{"allow":["GET"]}}],"collection":[{"href":"https:\/\/vitalstoffversand.com\/es\/wp-json\/wp\/v2\/product"}],"about":[{"href":"https:\/\/vitalstoffversand.com\/es\/wp-json\/wp\/v2\/types\/product"}],"wp:featuredmedia":[{"embeddable":true,"href":"https:\/\/vitalstoffversand.com\/es\/wp-json\/wp\/v2\/media\/48032"}],"wp:attachment":[{"href":"https:\/\/vitalstoffversand.com\/es\/wp-json\/wp\/v2\/media?parent=25907"}],"wp:term":[{"taxonomy":"product_brand","embeddable":true,"href":"https:\/\/vitalstoffversand.com\/es\/wp-json\/wp\/v2\/product_brand?post=25907"},{"taxonomy":"product_cat","embeddable":true,"href":"https:\/\/vitalstoffversand.com\/es\/wp-json\/wp\/v2\/product_cat?post=25907"},{"taxonomy":"product_tag","embeddable":true,"href":"https:\/\/vitalstoffversand.com\/es\/wp-json\/wp\/v2\/product_tag?post=25907"}],"curies":[{"name":"wp","href":"https:\/\/api.w.org\/{rel}","templated":true}]}}