{"id":2425,"date":"2024-10-27T13:13:29","date_gmt":"2024-10-27T12:13:29","guid":{"rendered":"https:\/\/dev.vitalstoffversand.com\/?post_type=product&#038;p=2425"},"modified":"2026-03-11T13:23:29","modified_gmt":"2026-03-11T12:23:29","slug":"cascaras-de-psilio-ecologicas-molidas-kopie","status":"publish","type":"product","link":"https:\/\/vitalstoffversand.com\/es\/producto\/cascaras-de-psilio-ecologicas-molidas-kopie\/","title":{"rendered":"Natura Med <br>C\u00e1scara de psyllium org\u00e1nica molida &#8211; 250 g"},"content":{"rendered":"<p>La harina de c\u00e1scara de psyllium org\u00e1nica molida o el polvo de c\u00e1scara de psyllium tienen propiedades hinchantes extremadamente fuertes.<\/p>\n<p>Esto convierte a este producto en un complemento ideal para seguir una dieta o realizar una limpieza o depuraci\u00f3n intestinal, as\u00ed como para tratar el estre\u00f1imiento agudo.<\/p>\n<ul>\n<li>100 % natural &#8211; sin aditivos<\/li>\n<li>Vegano<\/li>\n<li>Sin gluten<\/li>\n<li>Sin lactosa<\/li>\n<li>Sin OGM<\/li>\n<li>Fabricado seg\u00fan los estrictos est\u00e1ndares de calidad de la UE.<\/li>\n<\/ul>\n","protected":false},"excerpt":{"rendered":"<p>La harina de c\u00e1scara de psyllium org\u00e1nica molida o el polvo de c\u00e1scara de psyllium tienen propiedades hinchantes extremadamente fuertes. Esto convierte a este producto en un complemento ideal para seguir una dieta o realizar una limpieza o depuraci\u00f3n intestinal, as\u00ed como para tratar el estre\u00f1imiento agudo. 100 % natural &#8211; sin aditivos Vegano Sin [&hellip;]<\/p>\n","protected":false},"featured_media":40493,"template":"","meta":{"_acf_changed":false},"product_brand":[10205],"product_cat":[350,303,363],"product_tag":[],"class_list":{"0":"post-2425","1":"product","2":"type-product","3":"status-publish","4":"has-post-thumbnail","6":"product_brand-natura-med-es","7":"product_cat-nutrientes","8":"product_cat-ecologico","9":"product_cat-productos-de-a-z","11":"first","12":"instock","13":"taxable","14":"shipping-taxable","15":"purchasable","16":"product-type-simple"},"acf":[],"_links":{"self":[{"href":"https:\/\/vitalstoffversand.com\/es\/wp-json\/wp\/v2\/product\/2425","targetHints":{"allow":["GET"]}}],"collection":[{"href":"https:\/\/vitalstoffversand.com\/es\/wp-json\/wp\/v2\/product"}],"about":[{"href":"https:\/\/vitalstoffversand.com\/es\/wp-json\/wp\/v2\/types\/product"}],"wp:featuredmedia":[{"embeddable":true,"href":"https:\/\/vitalstoffversand.com\/es\/wp-json\/wp\/v2\/media\/40493"}],"wp:attachment":[{"href":"https:\/\/vitalstoffversand.com\/es\/wp-json\/wp\/v2\/media?parent=2425"}],"wp:term":[{"taxonomy":"product_brand","embeddable":true,"href":"https:\/\/vitalstoffversand.com\/es\/wp-json\/wp\/v2\/product_brand?post=2425"},{"taxonomy":"product_cat","embeddable":true,"href":"https:\/\/vitalstoffversand.com\/es\/wp-json\/wp\/v2\/product_cat?post=2425"},{"taxonomy":"product_tag","embeddable":true,"href":"https:\/\/vitalstoffversand.com\/es\/wp-json\/wp\/v2\/product_tag?post=2425"}],"curies":[{"name":"wp","href":"https:\/\/api.w.org\/{rel}","templated":true}]}}