{"id":23867,"date":"2024-11-10T16:34:57","date_gmt":"2024-11-10T15:34:57","guid":{"rendered":"https:\/\/vitalstoffversand.com\/produkt\/vit4ever-d-manosa-250-g\/"},"modified":"2026-03-14T19:01:17","modified_gmt":"2026-03-14T18:01:17","slug":"vit4ever-d-manosa-250-g","status":"publish","type":"product","link":"https:\/\/vitalstoffversand.com\/es\/producto\/vit4ever-d-manosa-250-g\/","title":{"rendered":"Vit4ever <br>D-manosa en polvo &#8211; 250 g"},"content":{"rendered":"<p>La D-manosa es un componente b\u00e1sico de los polisac\u00e1ridos vegetales que tiene el potencial de unirse a las bacterias.<\/p>\n<p>La D-manosa se utiliza a menudo en la medicina popular como alternativa a los antibi\u00f3ticos, especialmente para la cistitis bacteriana.<\/p>\n<ul>\n<li>Vegano<\/li>\n<li>Sin gluten<\/li>\n<li>Sin lactosa<\/li>\n<li>Sin OGM<\/li>\n<li>Fabricado seg\u00fan los estrictos est\u00e1ndares de calidad de la UE.<\/li>\n<\/ul>\n","protected":false},"excerpt":{"rendered":"<p>La D-manosa es un componente b\u00e1sico de los polisac\u00e1ridos vegetales que tiene el potencial de unirse a las bacterias. La D-manosa se utiliza a menudo en la medicina popular como alternativa a los antibi\u00f3ticos, especialmente para la cistitis bacteriana. Vegano Sin gluten Sin lactosa Sin OGM Fabricado seg\u00fan los estrictos est\u00e1ndares de calidad de la [&hellip;]<\/p>\n","protected":false},"featured_media":52242,"template":"","meta":{"_acf_changed":false},"product_brand":[10219],"product_cat":[350,363],"product_tag":[],"class_list":{"0":"post-23867","1":"product","2":"type-product","3":"status-publish","4":"has-post-thumbnail","6":"product_brand-vit4ever-es","7":"product_cat-nutrientes","8":"product_cat-productos-de-a-z","10":"first","11":"instock","12":"taxable","13":"shipping-taxable","14":"purchasable","15":"product-type-simple"},"acf":[],"_links":{"self":[{"href":"https:\/\/vitalstoffversand.com\/es\/wp-json\/wp\/v2\/product\/23867","targetHints":{"allow":["GET"]}}],"collection":[{"href":"https:\/\/vitalstoffversand.com\/es\/wp-json\/wp\/v2\/product"}],"about":[{"href":"https:\/\/vitalstoffversand.com\/es\/wp-json\/wp\/v2\/types\/product"}],"wp:featuredmedia":[{"embeddable":true,"href":"https:\/\/vitalstoffversand.com\/es\/wp-json\/wp\/v2\/media\/52242"}],"wp:attachment":[{"href":"https:\/\/vitalstoffversand.com\/es\/wp-json\/wp\/v2\/media?parent=23867"}],"wp:term":[{"taxonomy":"product_brand","embeddable":true,"href":"https:\/\/vitalstoffversand.com\/es\/wp-json\/wp\/v2\/product_brand?post=23867"},{"taxonomy":"product_cat","embeddable":true,"href":"https:\/\/vitalstoffversand.com\/es\/wp-json\/wp\/v2\/product_cat?post=23867"},{"taxonomy":"product_tag","embeddable":true,"href":"https:\/\/vitalstoffversand.com\/es\/wp-json\/wp\/v2\/product_tag?post=23867"}],"curies":[{"name":"wp","href":"https:\/\/api.w.org\/{rel}","templated":true}]}}