{"id":23459,"date":"2024-11-10T13:40:17","date_gmt":"2024-11-10T12:40:17","guid":{"rendered":"https:\/\/vitalstoffversand.com\/produkt\/vit4ever-complejo-vitaminico-b-intenso-240-capsulas\/"},"modified":"2026-03-14T17:03:34","modified_gmt":"2026-03-14T16:03:34","slug":"vit4ever-complejo-vitaminico-b-intenso-240-capsulas","status":"publish","type":"product","link":"https:\/\/vitalstoffversand.com\/es\/producto\/vit4ever-complejo-vitaminico-b-intenso-240-capsulas\/","title":{"rendered":"Vit4ever <br>Complejo vitam\u00ednico B Intenso &#8211; 240 c\u00e1psulas"},"content":{"rendered":"<p>Vitamin B Complex Intenso proporciona una combinaci\u00f3n de las 8 vitaminas B y, adem\u00e1s, los 3 cofactores colina, inositol y \u00e1cido paraaminobenzoico (PABA), que mejoran la absorci\u00f3n de las vitaminas B individuales por el organismo.<\/p>\n<p>El fuerte olor inherente a las vitaminas del grupo B no es un defecto de calidad, sino que demuestra que no se han utilizado aditivos que enmascaren el sabor o el olor para garantizar la pureza del producto.<\/p>\n<ul>\n<li>Vegano<\/li>\n<li>Sin gluten<\/li>\n<li>Sin lactosa<\/li>\n<li>Sin OGM<\/li>\n<li>Fabricado seg\u00fan los estrictos est\u00e1ndares de calidad de la UE.<\/li>\n<\/ul>\n","protected":false},"excerpt":{"rendered":"<p>Vitamin B Complex Intenso proporciona una combinaci\u00f3n de las 8 vitaminas B y, adem\u00e1s, los 3 cofactores colina, inositol y \u00e1cido paraaminobenzoico (PABA), que mejoran la absorci\u00f3n de las vitaminas B individuales por el organismo. El fuerte olor inherente a las vitaminas del grupo B no es un defecto de calidad, sino que demuestra que [&hellip;]<\/p>\n","protected":false},"featured_media":59124,"template":"","meta":{"_acf_changed":false},"product_brand":[10219],"product_cat":[310,363],"product_tag":[],"class_list":{"0":"post-23459","1":"product","2":"type-product","3":"status-publish","4":"has-post-thumbnail","6":"product_brand-vit4ever-es","7":"product_cat-vitaminas","8":"product_cat-productos-de-a-z","10":"first","11":"outofstock","12":"taxable","13":"shipping-taxable","14":"purchasable","15":"product-type-simple"},"acf":[],"_links":{"self":[{"href":"https:\/\/vitalstoffversand.com\/es\/wp-json\/wp\/v2\/product\/23459","targetHints":{"allow":["GET"]}}],"collection":[{"href":"https:\/\/vitalstoffversand.com\/es\/wp-json\/wp\/v2\/product"}],"about":[{"href":"https:\/\/vitalstoffversand.com\/es\/wp-json\/wp\/v2\/types\/product"}],"wp:featuredmedia":[{"embeddable":true,"href":"https:\/\/vitalstoffversand.com\/es\/wp-json\/wp\/v2\/media\/59124"}],"wp:attachment":[{"href":"https:\/\/vitalstoffversand.com\/es\/wp-json\/wp\/v2\/media?parent=23459"}],"wp:term":[{"taxonomy":"product_brand","embeddable":true,"href":"https:\/\/vitalstoffversand.com\/es\/wp-json\/wp\/v2\/product_brand?post=23459"},{"taxonomy":"product_cat","embeddable":true,"href":"https:\/\/vitalstoffversand.com\/es\/wp-json\/wp\/v2\/product_cat?post=23459"},{"taxonomy":"product_tag","embeddable":true,"href":"https:\/\/vitalstoffversand.com\/es\/wp-json\/wp\/v2\/product_tag?post=23459"}],"curies":[{"name":"wp","href":"https:\/\/api.w.org\/{rel}","templated":true}]}}