{"id":23410,"date":"2024-11-09T17:29:40","date_gmt":"2024-11-09T16:29:40","guid":{"rendered":"https:\/\/vitalstoffversand.com\/produkt\/vit4ever-gaba-acido-gamma-aminobutirico-540-g\/"},"modified":"2026-03-14T15:49:42","modified_gmt":"2026-03-14T14:49:42","slug":"vit4ever-gaba-acido-gamma-aminobutirico-540-g","status":"publish","type":"product","link":"https:\/\/vitalstoffversand.com\/es\/producto\/vit4ever-gaba-acido-gamma-aminobutirico-540-g\/","title":{"rendered":"Vit4ever <br>GABA \u00e1cido gamma-aminobut\u00edrico &#8211; 540 g"},"content":{"rendered":"<p>El GABA act\u00faa como neurotransmisor en el sistema nervioso central y hace que muchos est\u00edmulos se ralenticen o incluso se desconecten por completo, por lo que puede tener un efecto positivo sobre el sue\u00f1o.<\/p>\n<p>El GABA tambi\u00e9n es interesante para los deportistas porque influye en las hormonas del crecimiento.<\/p>\n<ul>\n<li>Vegano<\/li>\n<li>Sin gluten<\/li>\n<li>Sin lactosa<\/li>\n<li>Sin OGM<\/li>\n<li>Fabricado seg\u00fan los estrictos est\u00e1ndares de calidad de la UE.<\/li>\n<\/ul>\n","protected":false},"excerpt":{"rendered":"<p>El GABA act\u00faa como neurotransmisor en el sistema nervioso central y hace que muchos est\u00edmulos se ralenticen o incluso se desconecten por completo, por lo que puede tener un efecto positivo sobre el sue\u00f1o. El GABA tambi\u00e9n es interesante para los deportistas porque influye en las hormonas del crecimiento. Vegano Sin gluten Sin lactosa Sin [&hellip;]<\/p>\n","protected":false},"featured_media":50968,"template":"","meta":{"_acf_changed":false},"product_brand":[10219],"product_cat":[334,363],"product_tag":[],"class_list":{"0":"post-23410","1":"product","2":"type-product","3":"status-publish","4":"has-post-thumbnail","6":"product_brand-vit4ever-es","7":"product_cat-aminoacidos","8":"product_cat-productos-de-a-z","10":"first","11":"instock","12":"taxable","13":"shipping-taxable","14":"purchasable","15":"product-type-simple"},"acf":[],"_links":{"self":[{"href":"https:\/\/vitalstoffversand.com\/es\/wp-json\/wp\/v2\/product\/23410","targetHints":{"allow":["GET"]}}],"collection":[{"href":"https:\/\/vitalstoffversand.com\/es\/wp-json\/wp\/v2\/product"}],"about":[{"href":"https:\/\/vitalstoffversand.com\/es\/wp-json\/wp\/v2\/types\/product"}],"wp:featuredmedia":[{"embeddable":true,"href":"https:\/\/vitalstoffversand.com\/es\/wp-json\/wp\/v2\/media\/50968"}],"wp:attachment":[{"href":"https:\/\/vitalstoffversand.com\/es\/wp-json\/wp\/v2\/media?parent=23410"}],"wp:term":[{"taxonomy":"product_brand","embeddable":true,"href":"https:\/\/vitalstoffversand.com\/es\/wp-json\/wp\/v2\/product_brand?post=23410"},{"taxonomy":"product_cat","embeddable":true,"href":"https:\/\/vitalstoffversand.com\/es\/wp-json\/wp\/v2\/product_cat?post=23410"},{"taxonomy":"product_tag","embeddable":true,"href":"https:\/\/vitalstoffversand.com\/es\/wp-json\/wp\/v2\/product_tag?post=23410"}],"curies":[{"name":"wp","href":"https:\/\/api.w.org\/{rel}","templated":true}]}}