{"id":23345,"date":"2024-11-09T17:13:54","date_gmt":"2024-11-09T16:13:54","guid":{"rendered":"https:\/\/vitalstoffversand.com\/produkt\/vit4ever-ginkgo-ginseng-365-comprimidos\/"},"modified":"2026-03-14T15:28:15","modified_gmt":"2026-03-14T14:28:15","slug":"vit4ever-ginkgo-ginseng-365-comprimidos","status":"publish","type":"product","link":"https:\/\/vitalstoffversand.com\/es\/producto\/vit4ever-ginkgo-ginseng-365-comprimidos\/","title":{"rendered":"Vit4ever <br>Ginkgo + Ginseng &#8211; 365 comprimidos"},"content":{"rendered":"<p>Gingko + ginseng combina dos de las plantas medicinales asi\u00e1ticas m\u00e1s eficaces, cuyos \u00e1mbitos de aplicaci\u00f3n tradicionales est\u00e1n relacionados principalmente con el cerebro, la capacidad de concentraci\u00f3n, la circulaci\u00f3n sangu\u00ednea y los trastornos de la potencia.<\/p>\n<p>Cada comprimido contiene 600 mg de extracto de ginkgo biloba a altas dosis 50:1 (equivalente a 6000 mg de polvo de hoja de ginkgo biloba), que est\u00e1 pr\u00e1cticamente exento de \u00e1cido ginkg\u00f3lico a 1 ppm por comprimido, y 20 mg de extracto de ginseng coreano 50:1 (equivalente a 2000 mg de polvo de ra\u00edz de ginseng).<\/p>\n<ul>\n<li>Vegano<\/li>\n<li>Sin gluten<\/li>\n<li>Sin lactosa<\/li>\n<li>Sin OGM<\/li>\n<li>Fabricado seg\u00fan los estrictos est\u00e1ndares de calidad de la UE.<\/li>\n<\/ul>\n","protected":false},"excerpt":{"rendered":"<p>Gingko + ginseng combina dos de las plantas medicinales asi\u00e1ticas m\u00e1s eficaces, cuyos \u00e1mbitos de aplicaci\u00f3n tradicionales est\u00e1n relacionados principalmente con el cerebro, la capacidad de concentraci\u00f3n, la circulaci\u00f3n sangu\u00ednea y los trastornos de la potencia. Cada comprimido contiene 600 mg de extracto de ginkgo biloba a altas dosis 50:1 (equivalente a 6000 mg de [&hellip;]<\/p>\n","protected":false},"featured_media":50648,"template":"","meta":{"_acf_changed":false},"product_brand":[10219],"product_cat":[350,363],"product_tag":[],"class_list":{"0":"post-23345","1":"product","2":"type-product","3":"status-publish","4":"has-post-thumbnail","6":"product_brand-vit4ever-es","7":"product_cat-nutrientes","8":"product_cat-productos-de-a-z","10":"first","11":"instock","12":"taxable","13":"shipping-taxable","14":"purchasable","15":"product-type-simple"},"acf":[],"_links":{"self":[{"href":"https:\/\/vitalstoffversand.com\/es\/wp-json\/wp\/v2\/product\/23345","targetHints":{"allow":["GET"]}}],"collection":[{"href":"https:\/\/vitalstoffversand.com\/es\/wp-json\/wp\/v2\/product"}],"about":[{"href":"https:\/\/vitalstoffversand.com\/es\/wp-json\/wp\/v2\/types\/product"}],"wp:featuredmedia":[{"embeddable":true,"href":"https:\/\/vitalstoffversand.com\/es\/wp-json\/wp\/v2\/media\/50648"}],"wp:attachment":[{"href":"https:\/\/vitalstoffversand.com\/es\/wp-json\/wp\/v2\/media?parent=23345"}],"wp:term":[{"taxonomy":"product_brand","embeddable":true,"href":"https:\/\/vitalstoffversand.com\/es\/wp-json\/wp\/v2\/product_brand?post=23345"},{"taxonomy":"product_cat","embeddable":true,"href":"https:\/\/vitalstoffversand.com\/es\/wp-json\/wp\/v2\/product_cat?post=23345"},{"taxonomy":"product_tag","embeddable":true,"href":"https:\/\/vitalstoffversand.com\/es\/wp-json\/wp\/v2\/product_tag?post=23345"}],"curies":[{"name":"wp","href":"https:\/\/api.w.org\/{rel}","templated":true}]}}