{"id":23337,"date":"2024-11-09T17:10:23","date_gmt":"2024-11-09T16:10:23","guid":{"rendered":"https:\/\/vitalstoffversand.com\/produkt\/vit4ever-shaker-blanco-600-ml\/"},"modified":"2026-03-14T15:21:35","modified_gmt":"2026-03-14T14:21:35","slug":"vit4ever-shaker-blanco-600-ml","status":"publish","type":"product","link":"https:\/\/vitalstoffversand.com\/es\/producto\/vit4ever-shaker-blanco-600-ml\/","title":{"rendered":"Vit4ever <br>Shaker blanco &#8211; 600 ml"},"content":{"rendered":"<p>Agitador de 600 ml de color blanco con la inscripci\u00f3n \u00abvit4ever\u00bb.<\/p>\n<ul>\n<li>Tamiz integrado: para bebidas perfectamente mezcladas y sin grumos.<\/li>\n<li>Escala de medici\u00f3n: Dosificaci\u00f3n precisa gracias a la escala de medici\u00f3n de f\u00e1cil lectura.<\/li>\n<li>Sin BPA: Fabricado con materiales seguros y sin BPA.<\/li>\n<li>F\u00e1cil de limpiar: r\u00e1pida y f\u00e1cil de limpiar, ideal para el uso diario.<\/li>\n<\/ul>\n","protected":false},"excerpt":{"rendered":"<p>Agitador de 600 ml de color blanco con la inscripci\u00f3n \u00abvit4ever\u00bb. Tamiz integrado: para bebidas perfectamente mezcladas y sin grumos. Escala de medici\u00f3n: Dosificaci\u00f3n precisa gracias a la escala de medici\u00f3n de f\u00e1cil lectura. Sin BPA: Fabricado con materiales seguros y sin BPA. F\u00e1cil de limpiar: r\u00e1pida y f\u00e1cil de limpiar, ideal para el uso [&hellip;]<\/p>\n","protected":false},"featured_media":58979,"template":"","meta":{"_acf_changed":false},"product_brand":[10219],"product_cat":[378,363],"product_tag":[],"class_list":{"0":"post-23337","1":"product","2":"type-product","3":"status-publish","4":"has-post-thumbnail","6":"product_brand-vit4ever-es","7":"product_cat-accesorios-y-varios","8":"product_cat-productos-de-a-z","10":"first","11":"instock","12":"taxable","13":"shipping-taxable","14":"purchasable","15":"product-type-simple"},"acf":[],"_links":{"self":[{"href":"https:\/\/vitalstoffversand.com\/es\/wp-json\/wp\/v2\/product\/23337","targetHints":{"allow":["GET"]}}],"collection":[{"href":"https:\/\/vitalstoffversand.com\/es\/wp-json\/wp\/v2\/product"}],"about":[{"href":"https:\/\/vitalstoffversand.com\/es\/wp-json\/wp\/v2\/types\/product"}],"wp:featuredmedia":[{"embeddable":true,"href":"https:\/\/vitalstoffversand.com\/es\/wp-json\/wp\/v2\/media\/58979"}],"wp:attachment":[{"href":"https:\/\/vitalstoffversand.com\/es\/wp-json\/wp\/v2\/media?parent=23337"}],"wp:term":[{"taxonomy":"product_brand","embeddable":true,"href":"https:\/\/vitalstoffversand.com\/es\/wp-json\/wp\/v2\/product_brand?post=23337"},{"taxonomy":"product_cat","embeddable":true,"href":"https:\/\/vitalstoffversand.com\/es\/wp-json\/wp\/v2\/product_cat?post=23337"},{"taxonomy":"product_tag","embeddable":true,"href":"https:\/\/vitalstoffversand.com\/es\/wp-json\/wp\/v2\/product_tag?post=23337"}],"curies":[{"name":"wp","href":"https:\/\/api.w.org\/{rel}","templated":true}]}}