{"id":23330,"date":"2024-11-09T17:09:21","date_gmt":"2024-11-09T16:09:21","guid":{"rendered":"https:\/\/vitalstoffversand.com\/produkt\/vit4ever-l-arginina-intenso-365-capsulas\/"},"modified":"2026-03-14T15:21:37","modified_gmt":"2026-03-14T14:21:37","slug":"vit4ever-l-arginina-intenso-365-capsulas","status":"publish","type":"product","link":"https:\/\/vitalstoffversand.com\/es\/producto\/vit4ever-l-arginina-intenso-365-capsulas\/","title":{"rendered":"Vit4ever <br>L-Arginina Intenso &#8211; 365 c\u00e1psulas"},"content":{"rendered":"<p>La L-arginina es un amino\u00e1cido protein\u00f3geno semi-esencial que no s\u00f3lo es muy apreciado por los deportistas como potenciador del entrenamiento.<\/p>\n<p>La arginina es especialmente necesaria para el organismo durante la pr\u00e1ctica de deportes intensos o el aumento del estr\u00e9s y participa en la formaci\u00f3n de las prote\u00ednas propias del organismo.<\/p>\n<p>Por su alto contenido en nitr\u00f3geno y su capacidad para formar \u00f3xido n\u00edtrico, es muy importante para la activaci\u00f3n y el control de los vasos sangu\u00edneos, por lo que tambi\u00e9n puede ser muy interesante para los hombres activos (disfunci\u00f3n er\u00e9ctil) y las mujeres activas.<\/p>\n<p>Las c\u00e1psulas de Arginina Intenso contienen arginina base vegetal pura, que se obtiene por fermentaci\u00f3n a partir de materias primas vegetales.<\/p>\n<ul>\n<li>Vegano<\/li>\n<li>Sin gluten<\/li>\n<li>Sin lactosa<\/li>\n<li>Sin OGM<\/li>\n<li>Fabricado seg\u00fan los estrictos est\u00e1ndares de calidad de la UE.<\/li>\n<\/ul>\n","protected":false},"excerpt":{"rendered":"<p>La L-arginina es un amino\u00e1cido protein\u00f3geno semi-esencial que no s\u00f3lo es muy apreciado por los deportistas como potenciador del entrenamiento. La arginina es especialmente necesaria para el organismo durante la pr\u00e1ctica de deportes intensos o el aumento del estr\u00e9s y participa en la formaci\u00f3n de las prote\u00ednas propias del organismo. Por su alto contenido en [&hellip;]<\/p>\n","protected":false},"featured_media":67169,"template":"","meta":{"_acf_changed":false},"product_brand":[10219],"product_cat":[334,363],"product_tag":[],"class_list":{"0":"post-23330","1":"product","2":"type-product","3":"status-publish","4":"has-post-thumbnail","6":"product_brand-vit4ever-es","7":"product_cat-aminoacidos","8":"product_cat-productos-de-a-z","10":"first","11":"instock","12":"taxable","13":"shipping-taxable","14":"purchasable","15":"product-type-simple"},"acf":[],"_links":{"self":[{"href":"https:\/\/vitalstoffversand.com\/es\/wp-json\/wp\/v2\/product\/23330","targetHints":{"allow":["GET"]}}],"collection":[{"href":"https:\/\/vitalstoffversand.com\/es\/wp-json\/wp\/v2\/product"}],"about":[{"href":"https:\/\/vitalstoffversand.com\/es\/wp-json\/wp\/v2\/types\/product"}],"wp:featuredmedia":[{"embeddable":true,"href":"https:\/\/vitalstoffversand.com\/es\/wp-json\/wp\/v2\/media\/67169"}],"wp:attachment":[{"href":"https:\/\/vitalstoffversand.com\/es\/wp-json\/wp\/v2\/media?parent=23330"}],"wp:term":[{"taxonomy":"product_brand","embeddable":true,"href":"https:\/\/vitalstoffversand.com\/es\/wp-json\/wp\/v2\/product_brand?post=23330"},{"taxonomy":"product_cat","embeddable":true,"href":"https:\/\/vitalstoffversand.com\/es\/wp-json\/wp\/v2\/product_cat?post=23330"},{"taxonomy":"product_tag","embeddable":true,"href":"https:\/\/vitalstoffversand.com\/es\/wp-json\/wp\/v2\/product_tag?post=23330"}],"curies":[{"name":"wp","href":"https:\/\/api.w.org\/{rel}","templated":true}]}}