{"id":23310,"date":"2024-11-09T17:08:15","date_gmt":"2024-11-09T16:08:15","guid":{"rendered":"https:\/\/vitalstoffversand.com\/produkt\/vit4ever-complejo-bio-probio-20-180-capsulas\/"},"modified":"2026-03-14T15:16:49","modified_gmt":"2026-03-14T14:16:49","slug":"vit4ever-complejo-bio-probio-20-180-capsulas","status":"publish","type":"product","link":"https:\/\/vitalstoffversand.com\/es\/producto\/vit4ever-complejo-bio-probio-20-180-capsulas\/","title":{"rendered":"Vit4ever <br>Complejo Bio Probio 20 &#8211; 180 c\u00e1psulas"},"content":{"rendered":"<p>El intestino es un \u00f3rgano de control central y extremadamente importante de nuestro cuerpo.<\/p>\n<p>Probio 20 Complex contiene 20 cepas bacterianas con 21.000 millones de UFC de bacterias intestinales buenas por porci\u00f3n diaria, as\u00ed como un prebi\u00f3tico, que pr\u00e1cticamente sirve de alimento para las bacterias intestinales.<\/p>\n<p>El uso de c\u00e1psulas con recubrimiento ent\u00e9rico (Bright JC Caps) garantiza que las bacterias lleguen intactas al lugar donde se necesitan: el intestino.<\/p>\n<ul>\n<li>Vegano<\/li>\n<li>Sin gluten<\/li>\n<li>Sin lactosa<\/li>\n<li>Sin OGM<\/li>\n<li>Fabricado seg\u00fan los estrictos est\u00e1ndares de calidad de la UE.<\/li>\n<\/ul>\n","protected":false},"excerpt":{"rendered":"<p>El intestino es un \u00f3rgano de control central y extremadamente importante de nuestro cuerpo. Probio 20 Complex contiene 20 cepas bacterianas con 21.000 millones de UFC de bacterias intestinales buenas por porci\u00f3n diaria, as\u00ed como un prebi\u00f3tico, que pr\u00e1cticamente sirve de alimento para las bacterias intestinales. El uso de c\u00e1psulas con recubrimiento ent\u00e9rico (Bright JC [&hellip;]<\/p>\n","protected":false},"featured_media":50568,"template":"","meta":{"_acf_changed":false},"product_brand":[10219],"product_cat":[350,303,363],"product_tag":[],"class_list":{"0":"post-23310","1":"product","2":"type-product","3":"status-publish","4":"has-post-thumbnail","6":"product_brand-vit4ever-es","7":"product_cat-nutrientes","8":"product_cat-ecologico","9":"product_cat-productos-de-a-z","11":"first","12":"outofstock","13":"taxable","14":"shipping-taxable","15":"purchasable","16":"product-type-simple"},"acf":[],"_links":{"self":[{"href":"https:\/\/vitalstoffversand.com\/es\/wp-json\/wp\/v2\/product\/23310","targetHints":{"allow":["GET"]}}],"collection":[{"href":"https:\/\/vitalstoffversand.com\/es\/wp-json\/wp\/v2\/product"}],"about":[{"href":"https:\/\/vitalstoffversand.com\/es\/wp-json\/wp\/v2\/types\/product"}],"wp:featuredmedia":[{"embeddable":true,"href":"https:\/\/vitalstoffversand.com\/es\/wp-json\/wp\/v2\/media\/50568"}],"wp:attachment":[{"href":"https:\/\/vitalstoffversand.com\/es\/wp-json\/wp\/v2\/media?parent=23310"}],"wp:term":[{"taxonomy":"product_brand","embeddable":true,"href":"https:\/\/vitalstoffversand.com\/es\/wp-json\/wp\/v2\/product_brand?post=23310"},{"taxonomy":"product_cat","embeddable":true,"href":"https:\/\/vitalstoffversand.com\/es\/wp-json\/wp\/v2\/product_cat?post=23310"},{"taxonomy":"product_tag","embeddable":true,"href":"https:\/\/vitalstoffversand.com\/es\/wp-json\/wp\/v2\/product_tag?post=23310"}],"curies":[{"name":"wp","href":"https:\/\/api.w.org\/{rel}","templated":true}]}}