{"id":2295,"date":"2024-10-26T12:11:35","date_gmt":"2024-10-26T10:11:35","guid":{"rendered":"https:\/\/dev.vitalstoffversand.com\/?post_type=product&#038;p=2295"},"modified":"2026-03-11T13:21:12","modified_gmt":"2026-03-11T12:21:12","slug":"cascaras-de-psilio-ecologico-kopie","status":"publish","type":"product","link":"https:\/\/vitalstoffversand.com\/es\/producto\/cascaras-de-psilio-ecologico-kopie\/","title":{"rendered":"Natura Med <br>C\u00e1scaras de psyllium ecol\u00f3gicas &#8211; 250 g"},"content":{"rendered":"<p>La c\u00e1scara de psyllium es muy rica en fibra y puede contribuir a una dieta rica en fibra.<\/p>\n<p>Debido a sus propiedades altamente hinchantes, tienen un efecto positivo sobre la sensaci\u00f3n de saciedad y la digesti\u00f3n, por lo que tambi\u00e9n pueden utilizarse como apoyo a una dieta.<\/p>\n<p>En particular, las c\u00e1scaras de psyllium se utilizan con mucho \u00e9xito para el estre\u00f1imiento, los problemas digestivos y para limpiar y sanear el intestino.<\/p>\n<ul>\n<li>100 % natural &#8211; sin aditivos<\/li>\n<li>Vegano<\/li>\n<li>Sin gluten<\/li>\n<li>Sin lactosa<\/li>\n<li>Sin OGM<\/li>\n<li>Fabricado seg\u00fan los estrictos est\u00e1ndares de calidad de la UE.<\/li>\n<\/ul>\n","protected":false},"excerpt":{"rendered":"<p>La c\u00e1scara de psyllium es muy rica en fibra y puede contribuir a una dieta rica en fibra. Debido a sus propiedades altamente hinchantes, tienen un efecto positivo sobre la sensaci\u00f3n de saciedad y la digesti\u00f3n, por lo que tambi\u00e9n pueden utilizarse como apoyo a una dieta. En particular, las c\u00e1scaras de psyllium se utilizan [&hellip;]<\/p>\n","protected":false},"featured_media":40497,"template":"","meta":{"_acf_changed":false},"product_brand":[10205],"product_cat":[350,303,363],"product_tag":[],"class_list":{"0":"post-2295","1":"product","2":"type-product","3":"status-publish","4":"has-post-thumbnail","6":"product_brand-natura-med-es","7":"product_cat-nutrientes","8":"product_cat-ecologico","9":"product_cat-productos-de-a-z","11":"first","12":"instock","13":"taxable","14":"shipping-taxable","15":"purchasable","16":"product-type-simple"},"acf":[],"_links":{"self":[{"href":"https:\/\/vitalstoffversand.com\/es\/wp-json\/wp\/v2\/product\/2295","targetHints":{"allow":["GET"]}}],"collection":[{"href":"https:\/\/vitalstoffversand.com\/es\/wp-json\/wp\/v2\/product"}],"about":[{"href":"https:\/\/vitalstoffversand.com\/es\/wp-json\/wp\/v2\/types\/product"}],"wp:featuredmedia":[{"embeddable":true,"href":"https:\/\/vitalstoffversand.com\/es\/wp-json\/wp\/v2\/media\/40497"}],"wp:attachment":[{"href":"https:\/\/vitalstoffversand.com\/es\/wp-json\/wp\/v2\/media?parent=2295"}],"wp:term":[{"taxonomy":"product_brand","embeddable":true,"href":"https:\/\/vitalstoffversand.com\/es\/wp-json\/wp\/v2\/product_brand?post=2295"},{"taxonomy":"product_cat","embeddable":true,"href":"https:\/\/vitalstoffversand.com\/es\/wp-json\/wp\/v2\/product_cat?post=2295"},{"taxonomy":"product_tag","embeddable":true,"href":"https:\/\/vitalstoffversand.com\/es\/wp-json\/wp\/v2\/product_tag?post=2295"}],"curies":[{"name":"wp","href":"https:\/\/api.w.org\/{rel}","templated":true}]}}