{"id":22860,"date":"2024-11-09T16:38:14","date_gmt":"2024-11-09T15:38:14","guid":{"rendered":"https:\/\/vitalstoffversand.com\/produkt\/vit4ever-cordyceps-intenso-extracto-180-capsulas\/"},"modified":"2026-03-14T14:56:08","modified_gmt":"2026-03-14T13:56:08","slug":"vit4ever-cordyceps-intenso-extracto-180-capsulas","status":"publish","type":"product","link":"https:\/\/vitalstoffversand.com\/es\/producto\/vit4ever-cordyceps-intenso-extracto-180-capsulas\/","title":{"rendered":"Vit4ever <br>Cordyceps Intenso Extracto &#8211; 180 c\u00e1psulas"},"content":{"rendered":"<p>C\u00e1psulas de alta dosis con extracto 10:1 de Cordyceps sinensis (hongo oruga) con un <strong>40% de polisac\u00e1ridos bioactivos<\/strong>.<\/p>\n<p>Los extractos de setas tienen una mayor proporci\u00f3n de polisac\u00e1ridos que el polvo de setas enteras, pero en el proceso de extracci\u00f3n se pierden otros valiosos ingredientes de la seta.<\/p>\n<p>Por lo tanto, para fines terap\u00e9uticos, recomendamos tomar extractos de setas en combinaci\u00f3n con polvo de setas enteras, ya que as\u00ed se consigue el m\u00e1ximo efecto.<\/p>\n<ul>\n<li>Vegano<\/li>\n<li>Sin gluten<\/li>\n<li>Sin lactosa<\/li>\n<li>Sin OGM<\/li>\n<li>Fabricado seg\u00fan los estrictos est\u00e1ndares de calidad de la UE.<\/li>\n<\/ul>\n","protected":false},"excerpt":{"rendered":"<p>C\u00e1psulas de alta dosis con extracto 10:1 de Cordyceps sinensis (hongo oruga) con un 40% de polisac\u00e1ridos bioactivos. Los extractos de setas tienen una mayor proporci\u00f3n de polisac\u00e1ridos que el polvo de setas enteras, pero en el proceso de extracci\u00f3n se pierden otros valiosos ingredientes de la seta. Por lo tanto, para fines terap\u00e9uticos, recomendamos [&hellip;]<\/p>\n","protected":false},"featured_media":50488,"template":"","meta":{"_acf_changed":false},"product_brand":[10219],"product_cat":[350,363],"product_tag":[],"class_list":{"0":"post-22860","1":"product","2":"type-product","3":"status-publish","4":"has-post-thumbnail","6":"product_brand-vit4ever-es","7":"product_cat-nutrientes","8":"product_cat-productos-de-a-z","10":"first","11":"outofstock","12":"taxable","13":"shipping-taxable","14":"purchasable","15":"product-type-simple"},"acf":[],"_links":{"self":[{"href":"https:\/\/vitalstoffversand.com\/es\/wp-json\/wp\/v2\/product\/22860","targetHints":{"allow":["GET"]}}],"collection":[{"href":"https:\/\/vitalstoffversand.com\/es\/wp-json\/wp\/v2\/product"}],"about":[{"href":"https:\/\/vitalstoffversand.com\/es\/wp-json\/wp\/v2\/types\/product"}],"wp:featuredmedia":[{"embeddable":true,"href":"https:\/\/vitalstoffversand.com\/es\/wp-json\/wp\/v2\/media\/50488"}],"wp:attachment":[{"href":"https:\/\/vitalstoffversand.com\/es\/wp-json\/wp\/v2\/media?parent=22860"}],"wp:term":[{"taxonomy":"product_brand","embeddable":true,"href":"https:\/\/vitalstoffversand.com\/es\/wp-json\/wp\/v2\/product_brand?post=22860"},{"taxonomy":"product_cat","embeddable":true,"href":"https:\/\/vitalstoffversand.com\/es\/wp-json\/wp\/v2\/product_cat?post=22860"},{"taxonomy":"product_tag","embeddable":true,"href":"https:\/\/vitalstoffversand.com\/es\/wp-json\/wp\/v2\/product_tag?post=22860"}],"curies":[{"name":"wp","href":"https:\/\/api.w.org\/{rel}","templated":true}]}}