{"id":22830,"date":"2024-11-11T15:38:27","date_gmt":"2024-11-11T14:38:27","guid":{"rendered":"https:\/\/vitalstoffversand.com\/produkt\/vit4ever-complejo-vitaminico-b-diferentes-cantidades\/"},"modified":"2026-03-15T18:56:38","modified_gmt":"2026-03-15T17:56:38","slug":"vit4ever-complejo-vitaminico-b-diferentes-cantidades","status":"publish","type":"product","link":"https:\/\/vitalstoffversand.com\/es\/producto\/vit4ever-complejo-vitaminico-b-diferentes-cantidades\/","title":{"rendered":"Vit4ever <br>Complejo de vitamina B &#8211; 365 comprimidos"},"content":{"rendered":"<p>El complejo de vitamina B aporta al organismo la cantidad diaria recomendada de todas las vitaminas del grupo B.<\/p>\n<p>Todas las vitaminas del grupo B desempe\u00f1an diferentes funciones en el organismo y act\u00faan en estrecha colaboraci\u00f3n, por lo que resulta muy recomendable tomar un preparado combinado.<\/p>\n<ul>\n<li>Vegano<\/li>\n<li>Sin gluten<\/li>\n<li>Sin lactosa<\/li>\n<li>Sin OGM<\/li>\n<li>Fabricado seg\u00fan los estrictos est\u00e1ndares de calidad de la UE.<\/li>\n<\/ul>\n","protected":false},"excerpt":{"rendered":"<p>El complejo de vitamina B aporta al organismo la cantidad diaria recomendada de todas las vitaminas del grupo B. Todas las vitaminas del grupo B desempe\u00f1an diferentes funciones en el organismo y act\u00faan en estrecha colaboraci\u00f3n, por lo que resulta muy recomendable tomar un preparado combinado. Vegano Sin gluten Sin lactosa Sin OGM Fabricado seg\u00fan [&hellip;]<\/p>\n","protected":false},"featured_media":61908,"template":"","meta":{"_acf_changed":false},"product_brand":[10219],"product_cat":[310,363],"product_tag":[],"class_list":{"0":"post-22830","1":"product","2":"type-product","3":"status-publish","4":"has-post-thumbnail","6":"product_brand-vit4ever-es","7":"product_cat-vitaminas","8":"product_cat-productos-de-a-z","10":"first","11":"instock","12":"taxable","13":"shipping-taxable","14":"purchasable","15":"product-type-simple"},"acf":[],"_links":{"self":[{"href":"https:\/\/vitalstoffversand.com\/es\/wp-json\/wp\/v2\/product\/22830","targetHints":{"allow":["GET"]}}],"collection":[{"href":"https:\/\/vitalstoffversand.com\/es\/wp-json\/wp\/v2\/product"}],"about":[{"href":"https:\/\/vitalstoffversand.com\/es\/wp-json\/wp\/v2\/types\/product"}],"wp:featuredmedia":[{"embeddable":true,"href":"https:\/\/vitalstoffversand.com\/es\/wp-json\/wp\/v2\/media\/61908"}],"wp:attachment":[{"href":"https:\/\/vitalstoffversand.com\/es\/wp-json\/wp\/v2\/media?parent=22830"}],"wp:term":[{"taxonomy":"product_brand","embeddable":true,"href":"https:\/\/vitalstoffversand.com\/es\/wp-json\/wp\/v2\/product_brand?post=22830"},{"taxonomy":"product_cat","embeddable":true,"href":"https:\/\/vitalstoffversand.com\/es\/wp-json\/wp\/v2\/product_cat?post=22830"},{"taxonomy":"product_tag","embeddable":true,"href":"https:\/\/vitalstoffversand.com\/es\/wp-json\/wp\/v2\/product_tag?post=22830"}],"curies":[{"name":"wp","href":"https:\/\/api.w.org\/{rel}","templated":true}]}}