{"id":22804,"date":"2024-11-09T16:30:27","date_gmt":"2024-11-09T15:30:27","guid":{"rendered":"https:\/\/vitalstoffversand.com\/produkt\/vit4ever-oxido-de-magnesio-365-capsulas\/"},"modified":"2026-03-14T14:37:17","modified_gmt":"2026-03-14T13:37:17","slug":"vit4ever-oxido-de-magnesio-365-capsulas","status":"publish","type":"product","link":"https:\/\/vitalstoffversand.com\/es\/producto\/vit4ever-oxido-de-magnesio-365-capsulas\/","title":{"rendered":"Vit4ever <br>\u00d3xido de magnesio &#8211; 365 c\u00e1psulas"},"content":{"rendered":"<p><a href=\"https:\/\/vitalstoffversand.com\/knowledge-base\/magnesium\/\" target=\"_blank\" rel=\"noopener\"><span style=\"color: #0000ff;\"><strong>\u2192 El magnesio<\/strong><\/span><\/a> desempe\u00f1a un papel importante en nuestro organismo y se encuentra en diversos compuestos.<\/p>\n<p>El \u00f3xido de magnesio tiene la misma alta bioequivalencia y usabilidad que el citrato de magnesio, pero seg\u00fan un estudio cient\u00edfico de Shechter et al. (2012), ofrece un almacenamiento intracelular de magnesio significativamente mejor en comparaci\u00f3n con el citrato de magnesio tras varias semanas de ingesti\u00f3n. <\/p>\n<ul>\n<li>Vegano<\/li>\n<li>Sin gluten<\/li>\n<li>Sin lactosa<\/li>\n<li>Sin OGM<\/li>\n<li>Fabricado seg\u00fan los estrictos est\u00e1ndares de calidad de la UE.<\/li>\n<\/ul>\n","protected":false},"excerpt":{"rendered":"<p>\u2192 El magnesio desempe\u00f1a un papel importante en nuestro organismo y se encuentra en diversos compuestos. El \u00f3xido de magnesio tiene la misma alta bioequivalencia y usabilidad que el citrato de magnesio, pero seg\u00fan un estudio cient\u00edfico de Shechter et al. (2012), ofrece un almacenamiento intracelular de magnesio significativamente mejor en comparaci\u00f3n con el citrato [&hellip;]<\/p>\n","protected":false},"featured_media":50256,"template":"","meta":{"_acf_changed":false},"product_brand":[10219],"product_cat":[342,363],"product_tag":[],"class_list":{"0":"post-22804","1":"product","2":"type-product","3":"status-publish","4":"has-post-thumbnail","6":"product_brand-vit4ever-es","7":"product_cat-minerales-y-oligoelementos","8":"product_cat-productos-de-a-z","10":"first","11":"instock","12":"taxable","13":"shipping-taxable","14":"purchasable","15":"product-type-simple"},"acf":[],"_links":{"self":[{"href":"https:\/\/vitalstoffversand.com\/es\/wp-json\/wp\/v2\/product\/22804","targetHints":{"allow":["GET"]}}],"collection":[{"href":"https:\/\/vitalstoffversand.com\/es\/wp-json\/wp\/v2\/product"}],"about":[{"href":"https:\/\/vitalstoffversand.com\/es\/wp-json\/wp\/v2\/types\/product"}],"wp:featuredmedia":[{"embeddable":true,"href":"https:\/\/vitalstoffversand.com\/es\/wp-json\/wp\/v2\/media\/50256"}],"wp:attachment":[{"href":"https:\/\/vitalstoffversand.com\/es\/wp-json\/wp\/v2\/media?parent=22804"}],"wp:term":[{"taxonomy":"product_brand","embeddable":true,"href":"https:\/\/vitalstoffversand.com\/es\/wp-json\/wp\/v2\/product_brand?post=22804"},{"taxonomy":"product_cat","embeddable":true,"href":"https:\/\/vitalstoffversand.com\/es\/wp-json\/wp\/v2\/product_cat?post=22804"},{"taxonomy":"product_tag","embeddable":true,"href":"https:\/\/vitalstoffversand.com\/es\/wp-json\/wp\/v2\/product_tag?post=22804"}],"curies":[{"name":"wp","href":"https:\/\/api.w.org\/{rel}","templated":true}]}}