{"id":22562,"date":"2024-11-08T14:00:49","date_gmt":"2024-11-08T13:00:49","guid":{"rendered":"https:\/\/vitalstoffversand.com\/produkt\/vit4ever-omega-3-420-capsulas\/"},"modified":"2026-03-12T17:02:07","modified_gmt":"2026-03-12T16:02:07","slug":"vit4ever-omega-3-420-capsulas","status":"publish","type":"product","link":"https:\/\/vitalstoffversand.com\/es\/producto\/vit4ever-omega-3-420-capsulas\/","title":{"rendered":"Vit4ever <br>Omega 3 &#8211; 420 C\u00e1psulas"},"content":{"rendered":"<p>Los \u00e1cidos grasos poliinsaturados son esenciales para nuestro organismo.<\/p>\n<p>Como no podemos producir nosotros mismos el omega 3, que nos proporciona EPA (\u00e1cido eicosapentaenoico) y DHA (\u00e1cido docosahaexenoico), tenemos que tomarlo a trav\u00e9s de la alimentaci\u00f3n mar\u00edtima o como suplemento eficaz en forma de c\u00e1psulas de aceite de pescado, por ejemplo.<\/p>\n<p>M\u00e1s enlaces a <a href=\"https:\/\/vitalstoffversand.com\/knowledge-base\/docosahexaensaeure-dha\/\" target=\"_blank\" rel=\"noopener\"><strong><span style=\"color: #0000ff;\">\u2192 DHA<\/span><\/strong><\/a>, <a href=\"https:\/\/vitalstoffversand.com\/knowledge-base\/docosahexaensaeure-und-eicosapentaensaeure-dha-epa\/\" target=\"_blank\" rel=\"noopener\"><strong><span style=\"color: #0000ff;\">\u2192 DHA y EPA<\/span><\/strong><\/a> y <a href=\"https:\/\/vitalstoffversand.com\/knowledge-base\/eicosapentaensaeure-und-docosahexaensaeure-epa-dha\/\" target=\"_blank\" rel=\"noopener\"><span style=\"color: #0000ff;\"><strong>\u2192 EPA y DHA<\/strong><\/span><\/a><\/p>\n<ul>\n<li>Sin gluten<\/li>\n<li>Sin lactosa<\/li>\n<li>Sin OGM<\/li>\n<li>Fabricado seg\u00fan los estrictos est\u00e1ndares de calidad de la UE.<\/li>\n<\/ul>\n","protected":false},"excerpt":{"rendered":"<p>Los \u00e1cidos grasos poliinsaturados son esenciales para nuestro organismo. Como no podemos producir nosotros mismos el omega 3, que nos proporciona EPA (\u00e1cido eicosapentaenoico) y DHA (\u00e1cido docosahaexenoico), tenemos que tomarlo a trav\u00e9s de la alimentaci\u00f3n mar\u00edtima o como suplemento eficaz en forma de c\u00e1psulas de aceite de pescado, por ejemplo. M\u00e1s enlaces a \u2192 [&hellip;]<\/p>\n","protected":false},"featured_media":50056,"template":"","meta":{"_acf_changed":false},"product_brand":[10219],"product_cat":[335,363],"product_tag":[],"class_list":{"0":"post-22562","1":"product","2":"type-product","3":"status-publish","4":"has-post-thumbnail","6":"product_brand-vit4ever-es","7":"product_cat-acidos-grasos","8":"product_cat-productos-de-a-z","10":"first","11":"instock","12":"taxable","13":"shipping-taxable","14":"purchasable","15":"product-type-simple"},"acf":[],"_links":{"self":[{"href":"https:\/\/vitalstoffversand.com\/es\/wp-json\/wp\/v2\/product\/22562","targetHints":{"allow":["GET"]}}],"collection":[{"href":"https:\/\/vitalstoffversand.com\/es\/wp-json\/wp\/v2\/product"}],"about":[{"href":"https:\/\/vitalstoffversand.com\/es\/wp-json\/wp\/v2\/types\/product"}],"wp:featuredmedia":[{"embeddable":true,"href":"https:\/\/vitalstoffversand.com\/es\/wp-json\/wp\/v2\/media\/50056"}],"wp:attachment":[{"href":"https:\/\/vitalstoffversand.com\/es\/wp-json\/wp\/v2\/media?parent=22562"}],"wp:term":[{"taxonomy":"product_brand","embeddable":true,"href":"https:\/\/vitalstoffversand.com\/es\/wp-json\/wp\/v2\/product_brand?post=22562"},{"taxonomy":"product_cat","embeddable":true,"href":"https:\/\/vitalstoffversand.com\/es\/wp-json\/wp\/v2\/product_cat?post=22562"},{"taxonomy":"product_tag","embeddable":true,"href":"https:\/\/vitalstoffversand.com\/es\/wp-json\/wp\/v2\/product_tag?post=22562"}],"curies":[{"name":"wp","href":"https:\/\/api.w.org\/{rel}","templated":true}]}}