{"id":22555,"date":"2024-11-08T12:46:33","date_gmt":"2024-11-08T11:46:33","guid":{"rendered":"https:\/\/vitalstoffversand.com\/produkt\/vit4ever-joint-flexit-180-capsulas\/"},"modified":"2026-03-12T16:59:49","modified_gmt":"2026-03-12T15:59:49","slug":"vit4ever-joint-flexit-180-capsulas","status":"publish","type":"product","link":"https:\/\/vitalstoffversand.com\/es\/producto\/vit4ever-joint-flexit-180-capsulas\/","title":{"rendered":"Vit4ever <br>Joint Flexit &#8211; 180 c\u00e1psulas"},"content":{"rendered":"<p>Con su f\u00f3rmula altamente eficaz de 9 ingredientes, Gelenk Flexit proporciona apoyo durante la pr\u00e1ctica deportiva o en la vida cotidiana.<\/p>\n<p>Las c\u00e1psulas contienen una combinaci\u00f3n de ingredientes activos de glucosamina, extracto de incienso, condroitina, extracto de c\u00farcuma, quercetina, MSM, L-metionina, bromelina y vitamina C natural.<\/p>\n<ul>\n<li>Sin gluten<\/li>\n<li>Sin lactosa<\/li>\n<li>Sin OGM<\/li>\n<li>Fabricado seg\u00fan los estrictos est\u00e1ndares de calidad de la UE.<\/li>\n<\/ul>\n","protected":false},"excerpt":{"rendered":"<p>Con su f\u00f3rmula altamente eficaz de 9 ingredientes, Gelenk Flexit proporciona apoyo durante la pr\u00e1ctica deportiva o en la vida cotidiana. Las c\u00e1psulas contienen una combinaci\u00f3n de ingredientes activos de glucosamina, extracto de incienso, condroitina, extracto de c\u00farcuma, quercetina, MSM, L-metionina, bromelina y vitamina C natural. Sin gluten Sin lactosa Sin OGM Fabricado seg\u00fan los [&hellip;]<\/p>\n","protected":false},"featured_media":50008,"template":"","meta":{"_acf_changed":false},"product_brand":[10219],"product_cat":[350,363],"product_tag":[],"class_list":{"0":"post-22555","1":"product","2":"type-product","3":"status-publish","4":"has-post-thumbnail","6":"product_brand-vit4ever-es","7":"product_cat-nutrientes","8":"product_cat-productos-de-a-z","10":"first","11":"outofstock","12":"taxable","13":"shipping-taxable","14":"purchasable","15":"product-type-simple"},"acf":[],"_links":{"self":[{"href":"https:\/\/vitalstoffversand.com\/es\/wp-json\/wp\/v2\/product\/22555","targetHints":{"allow":["GET"]}}],"collection":[{"href":"https:\/\/vitalstoffversand.com\/es\/wp-json\/wp\/v2\/product"}],"about":[{"href":"https:\/\/vitalstoffversand.com\/es\/wp-json\/wp\/v2\/types\/product"}],"wp:featuredmedia":[{"embeddable":true,"href":"https:\/\/vitalstoffversand.com\/es\/wp-json\/wp\/v2\/media\/50008"}],"wp:attachment":[{"href":"https:\/\/vitalstoffversand.com\/es\/wp-json\/wp\/v2\/media?parent=22555"}],"wp:term":[{"taxonomy":"product_brand","embeddable":true,"href":"https:\/\/vitalstoffversand.com\/es\/wp-json\/wp\/v2\/product_brand?post=22555"},{"taxonomy":"product_cat","embeddable":true,"href":"https:\/\/vitalstoffversand.com\/es\/wp-json\/wp\/v2\/product_cat?post=22555"},{"taxonomy":"product_tag","embeddable":true,"href":"https:\/\/vitalstoffversand.com\/es\/wp-json\/wp\/v2\/product_tag?post=22555"}],"curies":[{"name":"wp","href":"https:\/\/api.w.org\/{rel}","templated":true}]}}