{"id":22512,"date":"2024-11-07T11:45:07","date_gmt":"2024-11-07T10:45:07","guid":{"rendered":"https:\/\/vitalstoffversand.com\/produkt\/vit4ever-extracto-de-hoja-de-olivo-180-capsulas\/"},"modified":"2026-03-12T16:43:23","modified_gmt":"2026-03-12T15:43:23","slug":"vit4ever-extracto-de-hoja-de-olivo-180-capsulas","status":"publish","type":"product","link":"https:\/\/vitalstoffversand.com\/es\/producto\/vit4ever-extracto-de-hoja-de-olivo-180-capsulas\/","title":{"rendered":"Vit4ever <br>Extracto de hoja de olivo &#8211; 180 c\u00e1psulas"},"content":{"rendered":"<p>Aunque casi todo el mundo conoce el fruto del olivo, el poder de sus hojas sigue siendo un gran desconocido.<\/p>\n<p>Las hojas del olivo contienen oleurope\u00edna, un antioxidante.<br \/>\nLos antioxidantes ayudan a proteger nuestro organismo y nuestras c\u00e9lulas de los radicales libres oxidantes.<\/p>\n<ul>\n<li>Vegano<\/li>\n<li>Sin gluten<\/li>\n<li>Sin lactosa<\/li>\n<li>Sin OGM<\/li>\n<li>Fabricado seg\u00fan los estrictos est\u00e1ndares de calidad de la UE.<\/li>\n<\/ul>\n","protected":false},"excerpt":{"rendered":"<p>Aunque casi todo el mundo conoce el fruto del olivo, el poder de sus hojas sigue siendo un gran desconocido. Las hojas del olivo contienen oleurope\u00edna, un antioxidante. Los antioxidantes ayudan a proteger nuestro organismo y nuestras c\u00e9lulas de los radicales libres oxidantes. Vegano Sin gluten Sin lactosa Sin OGM Fabricado seg\u00fan los estrictos est\u00e1ndares [&hellip;]<\/p>\n","protected":false},"featured_media":61099,"template":"","meta":{"_acf_changed":false},"product_brand":[10219],"product_cat":[350,363],"product_tag":[],"class_list":{"0":"post-22512","1":"product","2":"type-product","3":"status-publish","4":"has-post-thumbnail","6":"product_brand-vit4ever-es","7":"product_cat-nutrientes","8":"product_cat-productos-de-a-z","10":"first","11":"instock","12":"taxable","13":"shipping-taxable","14":"purchasable","15":"product-type-simple"},"acf":[],"_links":{"self":[{"href":"https:\/\/vitalstoffversand.com\/es\/wp-json\/wp\/v2\/product\/22512","targetHints":{"allow":["GET"]}}],"collection":[{"href":"https:\/\/vitalstoffversand.com\/es\/wp-json\/wp\/v2\/product"}],"about":[{"href":"https:\/\/vitalstoffversand.com\/es\/wp-json\/wp\/v2\/types\/product"}],"wp:featuredmedia":[{"embeddable":true,"href":"https:\/\/vitalstoffversand.com\/es\/wp-json\/wp\/v2\/media\/61099"}],"wp:attachment":[{"href":"https:\/\/vitalstoffversand.com\/es\/wp-json\/wp\/v2\/media?parent=22512"}],"wp:term":[{"taxonomy":"product_brand","embeddable":true,"href":"https:\/\/vitalstoffversand.com\/es\/wp-json\/wp\/v2\/product_brand?post=22512"},{"taxonomy":"product_cat","embeddable":true,"href":"https:\/\/vitalstoffversand.com\/es\/wp-json\/wp\/v2\/product_cat?post=22512"},{"taxonomy":"product_tag","embeddable":true,"href":"https:\/\/vitalstoffversand.com\/es\/wp-json\/wp\/v2\/product_tag?post=22512"}],"curies":[{"name":"wp","href":"https:\/\/api.w.org\/{rel}","templated":true}]}}