{"id":22505,"date":"2024-11-05T17:22:59","date_gmt":"2024-11-05T16:22:59","guid":{"rendered":"https:\/\/vitalstoffversand.com\/produkt\/vit4ever-vitamina-d3-20000-u-i-240-comprimidos\/"},"modified":"2026-03-12T16:38:26","modified_gmt":"2026-03-12T15:38:26","slug":"vit4ever-vitamina-d3-20000-u-i-240-comprimidos","status":"publish","type":"product","link":"https:\/\/vitalstoffversand.com\/es\/producto\/vit4ever-vitamina-d3-20000-u-i-240-comprimidos\/","title":{"rendered":"Vit4ever <br>Vitamina D3 20000 U.I. &#8211; 240 comprimidos"},"content":{"rendered":"<p><a href=\"https:\/\/vitalstoffversand.com\/knowledge-base\/vitamin-d\/\" target=\"_blank\" rel=\"noopener\"><span style=\"color: #0000ff;\"><strong>\u2192 La vitamina D<\/strong><\/span><\/a> interviene en numerosos procesos metab\u00f3licos importantes de nuestro organismo y la produce el propio cuerpo a trav\u00e9s de la luz solar directa sobre la piel, adem\u00e1s de una peque\u00f1a cantidad que ingerimos a trav\u00e9s de los alimentos.<\/p>\n<p>Por lo tanto, la carencia de vitamina D puede producirse sobre todo durante las estaciones \u00abm\u00e1s oscuras\u00bb.<\/p>\n<ul>\n<li>Vegetariano<\/li>\n<li>Sin gluten<\/li>\n<li>Sin lactosa<\/li>\n<li>Sin OGM<\/li>\n<li>Fabricado seg\u00fan los estrictos est\u00e1ndares de calidad de la UE.<\/li>\n<\/ul>\n","protected":false},"excerpt":{"rendered":"<p>\u2192 La vitamina D interviene en numerosos procesos metab\u00f3licos importantes de nuestro organismo y la produce el propio cuerpo a trav\u00e9s de la luz solar directa sobre la piel, adem\u00e1s de una peque\u00f1a cantidad que ingerimos a trav\u00e9s de los alimentos. Por lo tanto, la carencia de vitamina D puede producirse sobre todo durante las [&hellip;]<\/p>\n","protected":false},"featured_media":61372,"template":"","meta":{"_acf_changed":false},"product_brand":[10219],"product_cat":[310,363],"product_tag":[],"class_list":{"0":"post-22505","1":"product","2":"type-product","3":"status-publish","4":"has-post-thumbnail","6":"product_brand-vit4ever-es","7":"product_cat-vitaminas","8":"product_cat-productos-de-a-z","10":"first","11":"instock","12":"taxable","13":"shipping-taxable","14":"purchasable","15":"product-type-simple"},"acf":[],"_links":{"self":[{"href":"https:\/\/vitalstoffversand.com\/es\/wp-json\/wp\/v2\/product\/22505","targetHints":{"allow":["GET"]}}],"collection":[{"href":"https:\/\/vitalstoffversand.com\/es\/wp-json\/wp\/v2\/product"}],"about":[{"href":"https:\/\/vitalstoffversand.com\/es\/wp-json\/wp\/v2\/types\/product"}],"wp:featuredmedia":[{"embeddable":true,"href":"https:\/\/vitalstoffversand.com\/es\/wp-json\/wp\/v2\/media\/61372"}],"wp:attachment":[{"href":"https:\/\/vitalstoffversand.com\/es\/wp-json\/wp\/v2\/media?parent=22505"}],"wp:term":[{"taxonomy":"product_brand","embeddable":true,"href":"https:\/\/vitalstoffversand.com\/es\/wp-json\/wp\/v2\/product_brand?post=22505"},{"taxonomy":"product_cat","embeddable":true,"href":"https:\/\/vitalstoffversand.com\/es\/wp-json\/wp\/v2\/product_cat?post=22505"},{"taxonomy":"product_tag","embeddable":true,"href":"https:\/\/vitalstoffversand.com\/es\/wp-json\/wp\/v2\/product_tag?post=22505"}],"curies":[{"name":"wp","href":"https:\/\/api.w.org\/{rel}","templated":true}]}}