{"id":22466,"date":"2024-11-01T15:00:10","date_gmt":"2024-11-01T14:00:10","guid":{"rendered":"https:\/\/vitalstoffversand.com\/produkt\/vit4ever-msm-vitamina-c-1000-mg-365-comprimidos\/"},"modified":"2026-03-12T15:38:59","modified_gmt":"2026-03-12T14:38:59","slug":"vit4ever-msm-vitamina-c-1000-mg-365-comprimidos","status":"publish","type":"product","link":"https:\/\/vitalstoffversand.com\/es\/producto\/vit4ever-msm-vitamina-c-1000-mg-365-comprimidos\/","title":{"rendered":"Vit4ever <br>MSM + Vitamina C 1000 mg &#8211; 365 comprimidos"},"content":{"rendered":"<p>Aunque los seres humanos ingieren diariamente el MSM de azufre org\u00e1nico a trav\u00e9s de los alimentos, en muchos casos puede tener sentido una suplementaci\u00f3n adicional.<\/p>\n<p>Cada comprimido de MSM Plus contiene 1000 mg de metilsulfonilmetano (MSM) en polvo con una pureza del 99,9% y comprobada en laboratorio, con un factor MESH ideal de 60-80, y 28 mg de acerola en polvo con 7 mg de vitamina C.<\/p>\n<ul>\n<li>Vegano<\/li>\n<li>Sin gluten<\/li>\n<li>Sin lactosa<\/li>\n<li>Sin OGM<\/li>\n<li>Fabricado seg\u00fan los estrictos est\u00e1ndares de calidad de la UE.<\/li>\n<\/ul>\n","protected":false},"excerpt":{"rendered":"<p>Aunque los seres humanos ingieren diariamente el MSM de azufre org\u00e1nico a trav\u00e9s de los alimentos, en muchos casos puede tener sentido una suplementaci\u00f3n adicional. Cada comprimido de MSM Plus contiene 1000 mg de metilsulfonilmetano (MSM) en polvo con una pureza del 99,9% y comprobada en laboratorio, con un factor MESH ideal de 60-80, y [&hellip;]<\/p>\n","protected":false},"featured_media":61292,"template":"","meta":{"_acf_changed":false},"product_brand":[10219],"product_cat":[350,363],"product_tag":[],"class_list":{"0":"post-22466","1":"product","2":"type-product","3":"status-publish","4":"has-post-thumbnail","6":"product_brand-vit4ever-es","7":"product_cat-nutrientes","8":"product_cat-productos-de-a-z","10":"first","11":"instock","12":"taxable","13":"shipping-taxable","14":"purchasable","15":"product-type-simple"},"acf":[],"_links":{"self":[{"href":"https:\/\/vitalstoffversand.com\/es\/wp-json\/wp\/v2\/product\/22466","targetHints":{"allow":["GET"]}}],"collection":[{"href":"https:\/\/vitalstoffversand.com\/es\/wp-json\/wp\/v2\/product"}],"about":[{"href":"https:\/\/vitalstoffversand.com\/es\/wp-json\/wp\/v2\/types\/product"}],"wp:featuredmedia":[{"embeddable":true,"href":"https:\/\/vitalstoffversand.com\/es\/wp-json\/wp\/v2\/media\/61292"}],"wp:attachment":[{"href":"https:\/\/vitalstoffversand.com\/es\/wp-json\/wp\/v2\/media?parent=22466"}],"wp:term":[{"taxonomy":"product_brand","embeddable":true,"href":"https:\/\/vitalstoffversand.com\/es\/wp-json\/wp\/v2\/product_brand?post=22466"},{"taxonomy":"product_cat","embeddable":true,"href":"https:\/\/vitalstoffversand.com\/es\/wp-json\/wp\/v2\/product_cat?post=22466"},{"taxonomy":"product_tag","embeddable":true,"href":"https:\/\/vitalstoffversand.com\/es\/wp-json\/wp\/v2\/product_tag?post=22466"}],"curies":[{"name":"wp","href":"https:\/\/api.w.org\/{rel}","templated":true}]}}