{"id":22459,"date":"2024-11-01T14:24:33","date_gmt":"2024-11-01T13:24:33","guid":{"rendered":"https:\/\/vitalstoffversand.com\/produkt\/vit4ever-extracto-de-alcachofa-bio-240-capsulas\/"},"modified":"2026-03-12T15:36:58","modified_gmt":"2026-03-12T14:36:58","slug":"vit4ever-extracto-de-alcachofa-bio-240-capsulas","status":"publish","type":"product","link":"https:\/\/vitalstoffversand.com\/es\/producto\/vit4ever-extracto-de-alcachofa-bio-240-capsulas\/","title":{"rendered":"Vit4ever <br>Extracto de alcachofa bio &#8211; 240 c\u00e1psulas"},"content":{"rendered":"<p>El extracto ecol\u00f3gico de alcachofa contiene \u00e1cidos cafeoilqu\u00ednicos como la cinarina y el \u00e1cido clorog\u00e9nico, flavonoides y sustancias amargas.<\/p>\n<p>Estos ingredientes contenidos en la alcachofa se han utilizado tradicionalmente como suplementos diet\u00e9ticos durante m\u00e1s de 2000 a\u00f1os.<\/p>\n<ul>\n<li>Vegano<\/li>\n<li>Sin gluten<\/li>\n<li>Sin lactosa<\/li>\n<li>Sin OGM<\/li>\n<li>Fabricado seg\u00fan los estrictos est\u00e1ndares de calidad de la UE.<\/li>\n<\/ul>\n","protected":false},"excerpt":{"rendered":"<p>El extracto ecol\u00f3gico de alcachofa contiene \u00e1cidos cafeoilqu\u00ednicos como la cinarina y el \u00e1cido clorog\u00e9nico, flavonoides y sustancias amargas. Estos ingredientes contenidos en la alcachofa se han utilizado tradicionalmente como suplementos diet\u00e9ticos durante m\u00e1s de 2000 a\u00f1os. Vegano Sin gluten Sin lactosa Sin OGM Fabricado seg\u00fan los estrictos est\u00e1ndares de calidad de la UE.<\/p>\n","protected":false},"featured_media":49648,"template":"","meta":{"_acf_changed":false},"product_brand":[10219],"product_cat":[350,303,363],"product_tag":[],"class_list":{"0":"post-22459","1":"product","2":"type-product","3":"status-publish","4":"has-post-thumbnail","6":"product_brand-vit4ever-es","7":"product_cat-nutrientes","8":"product_cat-ecologico","9":"product_cat-productos-de-a-z","11":"first","12":"instock","13":"taxable","14":"shipping-taxable","15":"purchasable","16":"product-type-simple"},"acf":[],"_links":{"self":[{"href":"https:\/\/vitalstoffversand.com\/es\/wp-json\/wp\/v2\/product\/22459","targetHints":{"allow":["GET"]}}],"collection":[{"href":"https:\/\/vitalstoffversand.com\/es\/wp-json\/wp\/v2\/product"}],"about":[{"href":"https:\/\/vitalstoffversand.com\/es\/wp-json\/wp\/v2\/types\/product"}],"wp:featuredmedia":[{"embeddable":true,"href":"https:\/\/vitalstoffversand.com\/es\/wp-json\/wp\/v2\/media\/49648"}],"wp:attachment":[{"href":"https:\/\/vitalstoffversand.com\/es\/wp-json\/wp\/v2\/media?parent=22459"}],"wp:term":[{"taxonomy":"product_brand","embeddable":true,"href":"https:\/\/vitalstoffversand.com\/es\/wp-json\/wp\/v2\/product_brand?post=22459"},{"taxonomy":"product_cat","embeddable":true,"href":"https:\/\/vitalstoffversand.com\/es\/wp-json\/wp\/v2\/product_cat?post=22459"},{"taxonomy":"product_tag","embeddable":true,"href":"https:\/\/vitalstoffversand.com\/es\/wp-json\/wp\/v2\/product_tag?post=22459"}],"curies":[{"name":"wp","href":"https:\/\/api.w.org\/{rel}","templated":true}]}}