{"id":22452,"date":"2024-10-30T17:48:27","date_gmt":"2024-10-30T16:48:27","guid":{"rendered":"https:\/\/vitalstoffversand.com\/produkt\/vit4ever-l-triptofano-365-capsulas\/"},"modified":"2026-03-12T15:30:33","modified_gmt":"2026-03-12T14:30:33","slug":"vit4ever-l-triptofano-365-capsulas","status":"publish","type":"product","link":"https:\/\/vitalstoffversand.com\/es\/producto\/vit4ever-l-triptofano-365-capsulas\/","title":{"rendered":"Vit4ever <br>L-Tript\u00f3fano &#8211; 365 c\u00e1psulas"},"content":{"rendered":"<p>El L-tript\u00f3fano es un amino\u00e1cido esencial y no puede ser producido por el propio organismo.<\/p>\n<p>Es el precursor de la \u00abhormona de la felicidad\u00bb, la serotonina, y tambi\u00e9n es esencial para la producci\u00f3n de la hormona melatonina, que controla el ciclo sue\u00f1o-vigilia del organismo.<\/p>\n<ul>\n<li>Vegano<\/li>\n<li>Sin gluten<\/li>\n<li>Sin lactosa<\/li>\n<li>Sin OGM<\/li>\n<li>Fabricado seg\u00fan los estrictos est\u00e1ndares de calidad de la UE.<\/li>\n<\/ul>\n","protected":false},"excerpt":{"rendered":"<p>El L-tript\u00f3fano es un amino\u00e1cido esencial y no puede ser producido por el propio organismo. Es el precursor de la \u00abhormona de la felicidad\u00bb, la serotonina, y tambi\u00e9n es esencial para la producci\u00f3n de la hormona melatonina, que controla el ciclo sue\u00f1o-vigilia del organismo. Vegano Sin gluten Sin lactosa Sin OGM Fabricado seg\u00fan los estrictos [&hellip;]<\/p>\n","protected":false},"featured_media":63231,"template":"","meta":{"_acf_changed":false},"product_brand":[10219],"product_cat":[334,363],"product_tag":[],"class_list":{"0":"post-22452","1":"product","2":"type-product","3":"status-publish","4":"has-post-thumbnail","6":"product_brand-vit4ever-es","7":"product_cat-aminoacidos","8":"product_cat-productos-de-a-z","10":"first","11":"instock","12":"taxable","13":"shipping-taxable","14":"purchasable","15":"product-type-simple"},"acf":[],"_links":{"self":[{"href":"https:\/\/vitalstoffversand.com\/es\/wp-json\/wp\/v2\/product\/22452","targetHints":{"allow":["GET"]}}],"collection":[{"href":"https:\/\/vitalstoffversand.com\/es\/wp-json\/wp\/v2\/product"}],"about":[{"href":"https:\/\/vitalstoffversand.com\/es\/wp-json\/wp\/v2\/types\/product"}],"wp:featuredmedia":[{"embeddable":true,"href":"https:\/\/vitalstoffversand.com\/es\/wp-json\/wp\/v2\/media\/63231"}],"wp:attachment":[{"href":"https:\/\/vitalstoffversand.com\/es\/wp-json\/wp\/v2\/media?parent=22452"}],"wp:term":[{"taxonomy":"product_brand","embeddable":true,"href":"https:\/\/vitalstoffversand.com\/es\/wp-json\/wp\/v2\/product_brand?post=22452"},{"taxonomy":"product_cat","embeddable":true,"href":"https:\/\/vitalstoffversand.com\/es\/wp-json\/wp\/v2\/product_cat?post=22452"},{"taxonomy":"product_tag","embeddable":true,"href":"https:\/\/vitalstoffversand.com\/es\/wp-json\/wp\/v2\/product_tag?post=22452"}],"curies":[{"name":"wp","href":"https:\/\/api.w.org\/{rel}","templated":true}]}}