{"id":22384,"date":"2025-01-08T13:44:37","date_gmt":"2025-01-08T12:44:37","guid":{"rendered":"https:\/\/vitalstoffversand.com\/produkt\/gen-oxystorm-nitrato-polvo-75-g\/"},"modified":"2026-03-12T12:46:31","modified_gmt":"2026-03-12T11:46:31","slug":"gen-oxystorm-nitrato-polvo-75-g","status":"publish","type":"product","link":"https:\/\/vitalstoffversand.com\/es\/producto\/gen-oxystorm-nitrato-polvo-75-g\/","title":{"rendered":"GEN <br>Oxystorm Nitrato Polvo &#8211; 75 g"},"content":{"rendered":"<p>OxyStorm\u00ae es un extracto de hoja de amaranto de \u00faltima generaci\u00f3n, tambi\u00e9n conocido como espinaca roja.<\/p>\n<p>Contiene niveles especialmente altos de nitratos, que pueden proporcionar una ayuda natural a las personas preocupadas por su salud y a los deportistas.<\/p>\n<ul>\n<li>Vegano<\/li>\n<li>Sin gluten<\/li>\n<li>Sin lactosa<\/li>\n<li>Sin OGM<\/li>\n<li>Fabricado seg\u00fan los estrictos est\u00e1ndares de calidad de la UE.<\/li>\n<\/ul>\n","protected":false},"excerpt":{"rendered":"<p>OxyStorm\u00ae es un extracto de hoja de amaranto de \u00faltima generaci\u00f3n, tambi\u00e9n conocido como espinaca roja. Contiene niveles especialmente altos de nitratos, que pueden proporcionar una ayuda natural a las personas preocupadas por su salud y a los deportistas. Vegano Sin gluten Sin lactosa Sin OGM Fabricado seg\u00fan los estrictos est\u00e1ndares de calidad de la [&hellip;]<\/p>\n","protected":false},"featured_media":47504,"template":"","meta":{"_acf_changed":false},"product_brand":[10201],"product_cat":[351,363],"product_tag":[],"class_list":{"0":"post-22384","1":"product","2":"type-product","3":"status-publish","4":"has-post-thumbnail","6":"product_brand-gen-german-elite-nutrition-es","7":"product_cat-deporte-suplementario","8":"product_cat-productos-de-a-z","10":"first","11":"instock","12":"taxable","13":"shipping-taxable","14":"purchasable","15":"product-type-simple"},"acf":[],"_links":{"self":[{"href":"https:\/\/vitalstoffversand.com\/es\/wp-json\/wp\/v2\/product\/22384","targetHints":{"allow":["GET"]}}],"collection":[{"href":"https:\/\/vitalstoffversand.com\/es\/wp-json\/wp\/v2\/product"}],"about":[{"href":"https:\/\/vitalstoffversand.com\/es\/wp-json\/wp\/v2\/types\/product"}],"wp:featuredmedia":[{"embeddable":true,"href":"https:\/\/vitalstoffversand.com\/es\/wp-json\/wp\/v2\/media\/47504"}],"wp:attachment":[{"href":"https:\/\/vitalstoffversand.com\/es\/wp-json\/wp\/v2\/media?parent=22384"}],"wp:term":[{"taxonomy":"product_brand","embeddable":true,"href":"https:\/\/vitalstoffversand.com\/es\/wp-json\/wp\/v2\/product_brand?post=22384"},{"taxonomy":"product_cat","embeddable":true,"href":"https:\/\/vitalstoffversand.com\/es\/wp-json\/wp\/v2\/product_cat?post=22384"},{"taxonomy":"product_tag","embeddable":true,"href":"https:\/\/vitalstoffversand.com\/es\/wp-json\/wp\/v2\/product_tag?post=22384"}],"curies":[{"name":"wp","href":"https:\/\/api.w.org\/{rel}","templated":true}]}}