{"id":22377,"date":"2025-01-02T17:44:43","date_gmt":"2025-01-02T16:44:43","guid":{"rendered":"https:\/\/vitalstoffversand.com\/produkt\/gen-control-del-apetito-270-capsulas\/"},"modified":"2026-03-12T12:43:41","modified_gmt":"2026-03-12T11:43:41","slug":"gen-control-del-apetito-270-capsulas","status":"publish","type":"product","link":"https:\/\/vitalstoffversand.com\/es\/producto\/gen-control-del-apetito-270-capsulas\/","title":{"rendered":"GEN <br>Control del apetito &#8211; 270 c\u00e1psulas"},"content":{"rendered":"<p>GEN Appetite Control es un supresor del apetito y le ayuda a controlarlo mediante una combinaci\u00f3n de 4 extractos de plantas de alta calidad junto con el oligoelemento cromo.<\/p>\n<p>Esta mezcla act\u00faa de forma sin\u00e9rgica y puede contribuir a la p\u00e9rdida de peso y al mantenimiento de niveles normales de colesterol, especialmente gracias al ingrediente <a href=\"https:\/\/vitalstoffversand.com\/knowledge-base\/glucomannan-konjak-mannan\/\" target=\"_blank\" rel=\"noopener\"><strong><span style=\"color: #0000ff;\">\u2192 glucomanano<\/span><\/strong><\/a>.<\/p>\n<p>El extracto de t\u00e9 verde, el extracto de canela de Ceil\u00e1n, el extracto de corteza de sauce plateado y el <a href=\"https:\/\/vitalstoffversand.com\/knowledge-base\/chrom\/\" target=\"_blank\" rel=\"noopener\"><strong><span style=\"color: #0000ff;\">\u2192 cromo<\/span><\/strong><\/a> complementan o ampl\u00edan la gama de efectos de forma significativa.<\/p>\n<ul>\n<li>Vegano<\/li>\n<li>Sin gluten<\/li>\n<li>Sin lactosa<\/li>\n<li>Sin OGM<\/li>\n<li>Fabricado seg\u00fan los estrictos est\u00e1ndares de calidad de la UE.<\/li>\n<\/ul>\n","protected":false},"excerpt":{"rendered":"<p>GEN Appetite Control es un supresor del apetito y le ayuda a controlarlo mediante una combinaci\u00f3n de 4 extractos de plantas de alta calidad junto con el oligoelemento cromo. Esta mezcla act\u00faa de forma sin\u00e9rgica y puede contribuir a la p\u00e9rdida de peso y al mantenimiento de niveles normales de colesterol, especialmente gracias al ingrediente [&hellip;]<\/p>\n","protected":false},"featured_media":47456,"template":"","meta":{"_acf_changed":false},"product_brand":[10201],"product_cat":[350,363],"product_tag":[],"class_list":{"0":"post-22377","1":"product","2":"type-product","3":"status-publish","4":"has-post-thumbnail","6":"product_brand-gen-german-elite-nutrition-es","7":"product_cat-nutrientes","8":"product_cat-productos-de-a-z","10":"first","11":"outofstock","12":"taxable","13":"shipping-taxable","14":"purchasable","15":"product-type-simple"},"acf":[],"_links":{"self":[{"href":"https:\/\/vitalstoffversand.com\/es\/wp-json\/wp\/v2\/product\/22377","targetHints":{"allow":["GET"]}}],"collection":[{"href":"https:\/\/vitalstoffversand.com\/es\/wp-json\/wp\/v2\/product"}],"about":[{"href":"https:\/\/vitalstoffversand.com\/es\/wp-json\/wp\/v2\/types\/product"}],"wp:featuredmedia":[{"embeddable":true,"href":"https:\/\/vitalstoffversand.com\/es\/wp-json\/wp\/v2\/media\/47456"}],"wp:attachment":[{"href":"https:\/\/vitalstoffversand.com\/es\/wp-json\/wp\/v2\/media?parent=22377"}],"wp:term":[{"taxonomy":"product_brand","embeddable":true,"href":"https:\/\/vitalstoffversand.com\/es\/wp-json\/wp\/v2\/product_brand?post=22377"},{"taxonomy":"product_cat","embeddable":true,"href":"https:\/\/vitalstoffversand.com\/es\/wp-json\/wp\/v2\/product_cat?post=22377"},{"taxonomy":"product_tag","embeddable":true,"href":"https:\/\/vitalstoffversand.com\/es\/wp-json\/wp\/v2\/product_tag?post=22377"}],"curies":[{"name":"wp","href":"https:\/\/api.w.org\/{rel}","templated":true}]}}