{"id":22366,"date":"2025-01-02T17:47:20","date_gmt":"2025-01-02T16:47:20","guid":{"rendered":"https:\/\/vitalstoffversand.com\/produkt\/gen-eaa-energy-mix-500-g-diferentes-sabores\/"},"modified":"2026-03-12T12:37:14","modified_gmt":"2026-03-12T11:37:14","slug":"gen-eaa-energy-mix-500-g-diferentes-sabores","status":"publish","type":"product","link":"https:\/\/vitalstoffversand.com\/es\/producto\/gen-eaa-energy-mix-500-g-diferentes-sabores\/","title":{"rendered":"GEN <br>EAA Energy Mix &#8211; 500 g &#8211; diferentes sabores"},"content":{"rendered":"<p>EAA Energy Mix es un tipo especial de estimulante.<\/p>\n<p>Adem\u00e1s de 9 amino\u00e1cidos esenciales, el potenciador tambi\u00e9n contiene cafe\u00edna, taurina, extracto de guaran\u00e1 y vitamina B6, para que usted reciba un apoyo completo para el suministro de nutrientes a los m\u00fasculos, la regeneraci\u00f3n muscular y tambi\u00e9n energ\u00eda y concentraci\u00f3n.<\/p>\n<p>Disponible en 8 deliciosos sabores.<\/p>\n<ul>\n<li>Vegano<\/li>\n<li>Sin gluten<\/li>\n<li>Sin lactosa<\/li>\n<li>Sin OGM<\/li>\n<li>Fabricado seg\u00fan los estrictos est\u00e1ndares de calidad de la UE.<\/li>\n<\/ul>\n","protected":false},"excerpt":{"rendered":"<p>EAA Energy Mix es un tipo especial de estimulante. Adem\u00e1s de 9 amino\u00e1cidos esenciales, el potenciador tambi\u00e9n contiene cafe\u00edna, taurina, extracto de guaran\u00e1 y vitamina B6, para que usted reciba un apoyo completo para el suministro de nutrientes a los m\u00fasculos, la regeneraci\u00f3n muscular y tambi\u00e9n energ\u00eda y concentraci\u00f3n. Disponible en 8 deliciosos sabores. Vegano [&hellip;]<\/p>\n","protected":false},"featured_media":47256,"template":"","meta":{"_acf_changed":false},"product_brand":[10201],"product_cat":[334,351,363],"product_tag":[],"class_list":{"0":"post-22366","1":"product","2":"type-product","3":"status-publish","4":"has-post-thumbnail","6":"product_brand-gen-german-elite-nutrition-es","7":"product_cat-aminoacidos","8":"product_cat-deporte-suplementario","9":"product_cat-productos-de-a-z","11":"first","12":"instock","13":"taxable","14":"shipping-taxable","15":"purchasable","16":"product-type-variable"},"acf":[],"_links":{"self":[{"href":"https:\/\/vitalstoffversand.com\/es\/wp-json\/wp\/v2\/product\/22366","targetHints":{"allow":["GET"]}}],"collection":[{"href":"https:\/\/vitalstoffversand.com\/es\/wp-json\/wp\/v2\/product"}],"about":[{"href":"https:\/\/vitalstoffversand.com\/es\/wp-json\/wp\/v2\/types\/product"}],"wp:featuredmedia":[{"embeddable":true,"href":"https:\/\/vitalstoffversand.com\/es\/wp-json\/wp\/v2\/media\/47256"}],"wp:attachment":[{"href":"https:\/\/vitalstoffversand.com\/es\/wp-json\/wp\/v2\/media?parent=22366"}],"wp:term":[{"taxonomy":"product_brand","embeddable":true,"href":"https:\/\/vitalstoffversand.com\/es\/wp-json\/wp\/v2\/product_brand?post=22366"},{"taxonomy":"product_cat","embeddable":true,"href":"https:\/\/vitalstoffversand.com\/es\/wp-json\/wp\/v2\/product_cat?post=22366"},{"taxonomy":"product_tag","embeddable":true,"href":"https:\/\/vitalstoffversand.com\/es\/wp-json\/wp\/v2\/product_tag?post=22366"}],"curies":[{"name":"wp","href":"https:\/\/api.w.org\/{rel}","templated":true}]}}