{"id":22330,"date":"2025-01-02T17:45:54","date_gmt":"2025-01-02T16:45:54","guid":{"rendered":"https:\/\/vitalstoffversand.com\/produkt\/gen-pudin-de-maiz-3000-g\/"},"modified":"2026-03-12T12:30:09","modified_gmt":"2026-03-12T11:30:09","slug":"gen-pudin-de-maiz-3000-g","status":"publish","type":"product","link":"https:\/\/vitalstoffversand.com\/es\/producto\/gen-pudin-de-maiz-3000-g\/","title":{"rendered":"GEN <br>Pudin de ma\u00edz &#8211; 3000 g"},"content":{"rendered":"<p>El pudin de ma\u00edz es vers\u00e1til y proporciona una base sabrosa, r\u00e1pida de preparar y nutritiva para una gran variedad de comidas.<\/p>\n<p>El Pud\u00edn de Ma\u00edz es una fuente de hidratos de carbono de alta calidad que puede utilizarse no s\u00f3lo en la vida cotidiana, sino tambi\u00e9n espec\u00edficamente antes o despu\u00e9s del entrenamiento.<\/p>\n<ul>\n<li>Vegano<\/li>\n<li>Sin gluten<\/li>\n<li>Sin lactosa<\/li>\n<li>Sin OGM<\/li>\n<li>Fabricado seg\u00fan los estrictos est\u00e1ndares de calidad de la UE.<\/li>\n<\/ul>\n","protected":false},"excerpt":{"rendered":"<p>El pudin de ma\u00edz es vers\u00e1til y proporciona una base sabrosa, r\u00e1pida de preparar y nutritiva para una gran variedad de comidas. El Pud\u00edn de Ma\u00edz es una fuente de hidratos de carbono de alta calidad que puede utilizarse no s\u00f3lo en la vida cotidiana, sino tambi\u00e9n espec\u00edficamente antes o despu\u00e9s del entrenamiento. Vegano Sin [&hellip;]<\/p>\n","protected":false},"featured_media":47096,"template":"","meta":{"_acf_changed":false},"product_brand":[10201],"product_cat":[327,363],"product_tag":[],"class_list":{"0":"post-22330","1":"product","2":"type-product","3":"status-publish","4":"has-post-thumbnail","6":"product_brand-gen-german-elite-nutrition-es","7":"product_cat-cocinar-y-picar","8":"product_cat-productos-de-a-z","10":"first","11":"instock","12":"taxable","13":"shipping-taxable","14":"purchasable","15":"product-type-simple"},"acf":[],"_links":{"self":[{"href":"https:\/\/vitalstoffversand.com\/es\/wp-json\/wp\/v2\/product\/22330","targetHints":{"allow":["GET"]}}],"collection":[{"href":"https:\/\/vitalstoffversand.com\/es\/wp-json\/wp\/v2\/product"}],"about":[{"href":"https:\/\/vitalstoffversand.com\/es\/wp-json\/wp\/v2\/types\/product"}],"wp:featuredmedia":[{"embeddable":true,"href":"https:\/\/vitalstoffversand.com\/es\/wp-json\/wp\/v2\/media\/47096"}],"wp:attachment":[{"href":"https:\/\/vitalstoffversand.com\/es\/wp-json\/wp\/v2\/media?parent=22330"}],"wp:term":[{"taxonomy":"product_brand","embeddable":true,"href":"https:\/\/vitalstoffversand.com\/es\/wp-json\/wp\/v2\/product_brand?post=22330"},{"taxonomy":"product_cat","embeddable":true,"href":"https:\/\/vitalstoffversand.com\/es\/wp-json\/wp\/v2\/product_cat?post=22330"},{"taxonomy":"product_tag","embeddable":true,"href":"https:\/\/vitalstoffversand.com\/es\/wp-json\/wp\/v2\/product_tag?post=22330"}],"curies":[{"name":"wp","href":"https:\/\/api.w.org\/{rel}","templated":true}]}}