{"id":22288,"date":"2024-11-14T11:40:53","date_gmt":"2024-11-14T10:40:53","guid":{"rendered":"https:\/\/vitalstoffversand.com\/produkt\/gen-argimax-l-arginina-triple-complex-180-capsulas\/"},"modified":"2026-03-12T11:50:32","modified_gmt":"2026-03-12T10:50:32","slug":"gen-argimax-l-arginina-triple-complex-180-capsulas","status":"publish","type":"product","link":"https:\/\/vitalstoffversand.com\/es\/producto\/gen-argimax-l-arginina-triple-complex-180-capsulas\/","title":{"rendered":"GEN <br>Argimax L-Arginina Triple Complex &#8211; 180 c\u00e1psulas"},"content":{"rendered":"<p>La L-arginina es un componente importante de las prote\u00ednas y se absorbe tanto a trav\u00e9s de los alimentos como producida por el propio organismo.<\/p>\n<p>En el organismo, la L-arginina interviene en muchos procesos metab\u00f3licos y desempe\u00f1a un papel en la producci\u00f3n de \u00f3xido n\u00edtrico.<\/p>\n<p>Al mismo tiempo, la arginina participa en la descomposici\u00f3n de los productos de desecho del organismo como parte de la s\u00edntesis de la urea.<\/p>\n<p>El Complejo Triple de L-Arginina Argimax contiene tres formas diferentes de arginina (AAKG (2:1), L-Arginina HCL y Nitrato de L-Arginina) para mantener un suministro uniforme del ingrediente activo.<\/p>\n<ul>\n<li>Vegano<\/li>\n<li>Sin gluten<\/li>\n<li>Sin lactosa<\/li>\n<li>Sin OGM<\/li>\n<li>Fabricado seg\u00fan los estrictos est\u00e1ndares de calidad de la UE.<\/li>\n<\/ul>\n","protected":false},"excerpt":{"rendered":"<p>La L-arginina es un componente importante de las prote\u00ednas y se absorbe tanto a trav\u00e9s de los alimentos como producida por el propio organismo. En el organismo, la L-arginina interviene en muchos procesos metab\u00f3licos y desempe\u00f1a un papel en la producci\u00f3n de \u00f3xido n\u00edtrico. Al mismo tiempo, la arginina participa en la descomposici\u00f3n de los [&hellip;]<\/p>\n","protected":false},"featured_media":46832,"template":"","meta":{"_acf_changed":false},"product_brand":[10201],"product_cat":[334,363],"product_tag":[],"class_list":{"0":"post-22288","1":"product","2":"type-product","3":"status-publish","4":"has-post-thumbnail","6":"product_brand-gen-german-elite-nutrition-es","7":"product_cat-aminoacidos","8":"product_cat-productos-de-a-z","10":"first","11":"outofstock","12":"taxable","13":"shipping-taxable","14":"purchasable","15":"product-type-simple"},"acf":[],"_links":{"self":[{"href":"https:\/\/vitalstoffversand.com\/es\/wp-json\/wp\/v2\/product\/22288","targetHints":{"allow":["GET"]}}],"collection":[{"href":"https:\/\/vitalstoffversand.com\/es\/wp-json\/wp\/v2\/product"}],"about":[{"href":"https:\/\/vitalstoffversand.com\/es\/wp-json\/wp\/v2\/types\/product"}],"wp:featuredmedia":[{"embeddable":true,"href":"https:\/\/vitalstoffversand.com\/es\/wp-json\/wp\/v2\/media\/46832"}],"wp:attachment":[{"href":"https:\/\/vitalstoffversand.com\/es\/wp-json\/wp\/v2\/media?parent=22288"}],"wp:term":[{"taxonomy":"product_brand","embeddable":true,"href":"https:\/\/vitalstoffversand.com\/es\/wp-json\/wp\/v2\/product_brand?post=22288"},{"taxonomy":"product_cat","embeddable":true,"href":"https:\/\/vitalstoffversand.com\/es\/wp-json\/wp\/v2\/product_cat?post=22288"},{"taxonomy":"product_tag","embeddable":true,"href":"https:\/\/vitalstoffversand.com\/es\/wp-json\/wp\/v2\/product_tag?post=22288"}],"curies":[{"name":"wp","href":"https:\/\/api.w.org\/{rel}","templated":true}]}}