{"id":22275,"date":"2024-12-19T16:45:03","date_gmt":"2024-12-19T15:45:03","guid":{"rendered":"https:\/\/vitalstoffversand.com\/produkt\/gen-clearpea-proteina-vegana-transparente-454-g-diferentes-sabores\/"},"modified":"2026-03-12T11:48:40","modified_gmt":"2026-03-12T10:48:40","slug":"gen-clearpea-proteina-vegana-transparente-454-g-diferentes-sabores","status":"publish","type":"product","link":"https:\/\/vitalstoffversand.com\/es\/producto\/gen-clearpea-proteina-vegana-transparente-454-g-diferentes-sabores\/","title":{"rendered":"GEN <br>ClearPea\u00ae &#8211; Prote\u00edna Vegana Transparente &#8211; 454 g &#8211; diferentes sabores"},"content":{"rendered":"<p>Vegan Clear Pea Protein consiste en prote\u00edna de guisante hidrolizada que ha sido enriquecida con L-leucina, L-isoleucina y L-valina, as\u00ed como con otros amino\u00e1cidos para conseguir un perfil de amino\u00e1cidos de alta calidad.<\/p>\n<p>Disponible en 6 deliciosos sabores, bajos en calor\u00edas y sin az\u00facar.<\/p>\n<ul>\n<li>Vegano<\/li>\n<li>Sin gluten<\/li>\n<li>Sin lactosa<\/li>\n<li>Sin OGM<\/li>\n<li>Fabricado seg\u00fan los estrictos est\u00e1ndares de calidad de la UE.<\/li>\n<\/ul>\n","protected":false},"excerpt":{"rendered":"<p>Vegan Clear Pea Protein consiste en prote\u00edna de guisante hidrolizada que ha sido enriquecida con L-leucina, L-isoleucina y L-valina, as\u00ed como con otros amino\u00e1cidos para conseguir un perfil de amino\u00e1cidos de alta calidad. Disponible en 6 deliciosos sabores, bajos en calor\u00edas y sin az\u00facar. Vegano Sin gluten Sin lactosa Sin OGM Fabricado seg\u00fan los estrictos [&hellip;]<\/p>\n","protected":false},"featured_media":46808,"template":"","meta":{"_acf_changed":false},"product_brand":[10201],"product_cat":[343,363],"product_tag":[],"class_list":{"0":"post-22275","1":"product","2":"type-product","3":"status-publish","4":"has-post-thumbnail","6":"product_brand-gen-german-elite-nutrition-es","7":"product_cat-proteinas","8":"product_cat-productos-de-a-z","10":"first","11":"instock","12":"taxable","13":"shipping-taxable","14":"purchasable","15":"product-type-variable"},"acf":[],"_links":{"self":[{"href":"https:\/\/vitalstoffversand.com\/es\/wp-json\/wp\/v2\/product\/22275","targetHints":{"allow":["GET"]}}],"collection":[{"href":"https:\/\/vitalstoffversand.com\/es\/wp-json\/wp\/v2\/product"}],"about":[{"href":"https:\/\/vitalstoffversand.com\/es\/wp-json\/wp\/v2\/types\/product"}],"wp:featuredmedia":[{"embeddable":true,"href":"https:\/\/vitalstoffversand.com\/es\/wp-json\/wp\/v2\/media\/46808"}],"wp:attachment":[{"href":"https:\/\/vitalstoffversand.com\/es\/wp-json\/wp\/v2\/media?parent=22275"}],"wp:term":[{"taxonomy":"product_brand","embeddable":true,"href":"https:\/\/vitalstoffversand.com\/es\/wp-json\/wp\/v2\/product_brand?post=22275"},{"taxonomy":"product_cat","embeddable":true,"href":"https:\/\/vitalstoffversand.com\/es\/wp-json\/wp\/v2\/product_cat?post=22275"},{"taxonomy":"product_tag","embeddable":true,"href":"https:\/\/vitalstoffversand.com\/es\/wp-json\/wp\/v2\/product_tag?post=22275"}],"curies":[{"name":"wp","href":"https:\/\/api.w.org\/{rel}","templated":true}]}}