{"id":22232,"date":"2024-11-14T17:23:36","date_gmt":"2024-11-14T16:23:36","guid":{"rendered":"https:\/\/vitalstoffversand.com\/produkt\/gen-joint-max-180-capsulas\/"},"modified":"2026-03-12T12:39:11","modified_gmt":"2026-03-12T11:39:11","slug":"gen-joint-max-180-capsulas","status":"publish","type":"product","link":"https:\/\/vitalstoffversand.com\/es\/producto\/gen-joint-max-180-capsulas\/","title":{"rendered":"GEN <br>Bone Force &#8211; 180 c\u00e1psulas"},"content":{"rendered":"<p>Con Bone Force, el sucesor mejorado de GEN Joint Max, obtienes una f\u00f3rmula altamente concentrada con 12 ingredientes que aportan nutrientes a las articulaciones.<\/p>\n<p>Aqu\u00ed se han combinado componentes articulares cl\u00e1sicos con extractos vegetales seleccionados y micronutrientes funcionales.<\/p>\n<ul>\n<li>Sin gluten<\/li>\n<li>Sin lactosa<\/li>\n<li>Sin OGM<\/li>\n<li>Fabricado seg\u00fan los estrictos est\u00e1ndares de calidad de la UE.<\/li>\n<\/ul>\n","protected":false},"excerpt":{"rendered":"<p>Con Bone Force, el sucesor mejorado de GEN Joint Max, obtienes una f\u00f3rmula altamente concentrada con 12 ingredientes que aportan nutrientes a las articulaciones. Aqu\u00ed se han combinado componentes articulares cl\u00e1sicos con extractos vegetales seleccionados y micronutrientes funcionales. Sin gluten Sin lactosa Sin OGM Fabricado seg\u00fan los estrictos est\u00e1ndares de calidad de la UE.<\/p>\n","protected":false},"featured_media":62167,"template":"","meta":{"_acf_changed":false},"product_brand":[10201],"product_cat":[350,363],"product_tag":[],"class_list":{"0":"post-22232","1":"product","2":"type-product","3":"status-publish","4":"has-post-thumbnail","6":"product_brand-gen-german-elite-nutrition-es","7":"product_cat-nutrientes","8":"product_cat-productos-de-a-z","10":"first","11":"instock","12":"taxable","13":"shipping-taxable","14":"purchasable","15":"product-type-simple"},"acf":[],"_links":{"self":[{"href":"https:\/\/vitalstoffversand.com\/es\/wp-json\/wp\/v2\/product\/22232","targetHints":{"allow":["GET"]}}],"collection":[{"href":"https:\/\/vitalstoffversand.com\/es\/wp-json\/wp\/v2\/product"}],"about":[{"href":"https:\/\/vitalstoffversand.com\/es\/wp-json\/wp\/v2\/types\/product"}],"wp:featuredmedia":[{"embeddable":true,"href":"https:\/\/vitalstoffversand.com\/es\/wp-json\/wp\/v2\/media\/62167"}],"wp:attachment":[{"href":"https:\/\/vitalstoffversand.com\/es\/wp-json\/wp\/v2\/media?parent=22232"}],"wp:term":[{"taxonomy":"product_brand","embeddable":true,"href":"https:\/\/vitalstoffversand.com\/es\/wp-json\/wp\/v2\/product_brand?post=22232"},{"taxonomy":"product_cat","embeddable":true,"href":"https:\/\/vitalstoffversand.com\/es\/wp-json\/wp\/v2\/product_cat?post=22232"},{"taxonomy":"product_tag","embeddable":true,"href":"https:\/\/vitalstoffversand.com\/es\/wp-json\/wp\/v2\/product_tag?post=22232"}],"curies":[{"name":"wp","href":"https:\/\/api.w.org\/{rel}","templated":true}]}}