{"id":22225,"date":"2024-11-12T14:39:14","date_gmt":"2024-11-12T13:39:14","guid":{"rendered":"https:\/\/vitalstoffversand.com\/produkt\/gen-clen-burnrexin-180-capsulas\/"},"modified":"2026-03-12T12:27:58","modified_gmt":"2026-03-12T11:27:58","slug":"gen-clen-burnrexin-180-capsulas","status":"publish","type":"product","link":"https:\/\/vitalstoffversand.com\/es\/producto\/gen-clen-burnrexin-180-capsulas\/","title":{"rendered":"GEN <br>Clen Burnrexin &#8211; 180 c\u00e1psulas"},"content":{"rendered":"<p>Clenburnrexin ha sido especialmente desarrollado para personas activas y consiste en una mezcla \u00fanica de extractos de plantas de alta calidad.<\/p>\n<p>12 ingredientes activos compuestos de extractos de plantas y amino\u00e1cidos le proporcionan la energ\u00eda que necesita para dominar su vida diaria.<\/p>\n<ul>\n<li>Sin gluten<\/li>\n<li>Sin lactosa<\/li>\n<li>Sin OGM<\/li>\n<li>Fabricado seg\u00fan los estrictos est\u00e1ndares de calidad de la UE.<\/li>\n<\/ul>\n","protected":false},"excerpt":{"rendered":"<p>Clenburnrexin ha sido especialmente desarrollado para personas activas y consiste en una mezcla \u00fanica de extractos de plantas de alta calidad. 12 ingredientes activos compuestos de extractos de plantas y amino\u00e1cidos le proporcionan la energ\u00eda que necesita para dominar su vida diaria. Sin gluten Sin lactosa Sin OGM Fabricado seg\u00fan los estrictos est\u00e1ndares de calidad [&hellip;]<\/p>\n","protected":false},"featured_media":46560,"template":"","meta":{"_acf_changed":false},"product_brand":[10201],"product_cat":[351,363],"product_tag":[],"class_list":{"0":"post-22225","1":"product","2":"type-product","3":"status-publish","4":"has-post-thumbnail","6":"product_brand-gen-german-elite-nutrition-es","7":"product_cat-deporte-suplementario","8":"product_cat-productos-de-a-z","10":"first","11":"outofstock","12":"taxable","13":"shipping-taxable","14":"purchasable","15":"product-type-simple"},"acf":[],"_links":{"self":[{"href":"https:\/\/vitalstoffversand.com\/es\/wp-json\/wp\/v2\/product\/22225","targetHints":{"allow":["GET"]}}],"collection":[{"href":"https:\/\/vitalstoffversand.com\/es\/wp-json\/wp\/v2\/product"}],"about":[{"href":"https:\/\/vitalstoffversand.com\/es\/wp-json\/wp\/v2\/types\/product"}],"wp:featuredmedia":[{"embeddable":true,"href":"https:\/\/vitalstoffversand.com\/es\/wp-json\/wp\/v2\/media\/46560"}],"wp:attachment":[{"href":"https:\/\/vitalstoffversand.com\/es\/wp-json\/wp\/v2\/media?parent=22225"}],"wp:term":[{"taxonomy":"product_brand","embeddable":true,"href":"https:\/\/vitalstoffversand.com\/es\/wp-json\/wp\/v2\/product_brand?post=22225"},{"taxonomy":"product_cat","embeddable":true,"href":"https:\/\/vitalstoffversand.com\/es\/wp-json\/wp\/v2\/product_cat?post=22225"},{"taxonomy":"product_tag","embeddable":true,"href":"https:\/\/vitalstoffversand.com\/es\/wp-json\/wp\/v2\/product_tag?post=22225"}],"curies":[{"name":"wp","href":"https:\/\/api.w.org\/{rel}","templated":true}]}}