{"id":22208,"date":"2024-11-12T14:35:02","date_gmt":"2024-11-12T13:35:02","guid":{"rendered":"https:\/\/vitalstoffversand.com\/produkt\/gen-wheypresso-protein-cafe-908-g-diferentes-sabores\/"},"modified":"2026-03-12T12:21:56","modified_gmt":"2026-03-12T11:21:56","slug":"gen-wheypresso-protein-cafe-908-g-diferentes-sabores","status":"publish","type":"product","link":"https:\/\/vitalstoffversand.com\/es\/producto\/gen-wheypresso-protein-cafe-908-g-diferentes-sabores\/","title":{"rendered":"GEN <br>Wheypresso Protein Caf\u00e9 &#8211; 908 g &#8211; diferentes sabores"},"content":{"rendered":"<p>Wheypresso es el placer definitivo del caf\u00e9 con prote\u00ednas y est\u00e1 disponible en 6 deliciosos sabores.<\/p>\n<p>Combina una deliciosa experiencia de caf\u00e9 con tus objetivos de fitness, porque cada porci\u00f3n de caf\u00e9 proteico te aporta hasta 22 gramos de prote\u00ednas.<\/p>\n<p>Delicioso tanto fr\u00edo como caliente.<\/p>\n<ul>\n<li>Sin gluten<\/li>\n<li>Fabricado seg\u00fan los estrictos est\u00e1ndares de calidad de la UE.<\/li>\n<\/ul>\n","protected":false},"excerpt":{"rendered":"<p>Wheypresso es el placer definitivo del caf\u00e9 con prote\u00ednas y est\u00e1 disponible en 6 deliciosos sabores. Combina una deliciosa experiencia de caf\u00e9 con tus objetivos de fitness, porque cada porci\u00f3n de caf\u00e9 proteico te aporta hasta 22 gramos de prote\u00ednas. Delicioso tanto fr\u00edo como caliente. Sin gluten Fabricado seg\u00fan los estrictos est\u00e1ndares de calidad de [&hellip;]<\/p>\n","protected":false},"featured_media":46416,"template":"","meta":{"_acf_changed":false},"product_brand":[10201],"product_cat":[343,327,363],"product_tag":[],"class_list":{"0":"post-22208","1":"product","2":"type-product","3":"status-publish","4":"has-post-thumbnail","6":"product_brand-gen-german-elite-nutrition-es","7":"product_cat-proteinas","8":"product_cat-cocinar-y-picar","9":"product_cat-productos-de-a-z","11":"first","12":"outofstock","13":"taxable","14":"shipping-taxable","15":"purchasable","16":"product-type-variable"},"acf":[],"_links":{"self":[{"href":"https:\/\/vitalstoffversand.com\/es\/wp-json\/wp\/v2\/product\/22208","targetHints":{"allow":["GET"]}}],"collection":[{"href":"https:\/\/vitalstoffversand.com\/es\/wp-json\/wp\/v2\/product"}],"about":[{"href":"https:\/\/vitalstoffversand.com\/es\/wp-json\/wp\/v2\/types\/product"}],"wp:featuredmedia":[{"embeddable":true,"href":"https:\/\/vitalstoffversand.com\/es\/wp-json\/wp\/v2\/media\/46416"}],"wp:attachment":[{"href":"https:\/\/vitalstoffversand.com\/es\/wp-json\/wp\/v2\/media?parent=22208"}],"wp:term":[{"taxonomy":"product_brand","embeddable":true,"href":"https:\/\/vitalstoffversand.com\/es\/wp-json\/wp\/v2\/product_brand?post=22208"},{"taxonomy":"product_cat","embeddable":true,"href":"https:\/\/vitalstoffversand.com\/es\/wp-json\/wp\/v2\/product_cat?post=22208"},{"taxonomy":"product_tag","embeddable":true,"href":"https:\/\/vitalstoffversand.com\/es\/wp-json\/wp\/v2\/product_tag?post=22208"}],"curies":[{"name":"wp","href":"https:\/\/api.w.org\/{rel}","templated":true}]}}