{"id":22179,"date":"2024-11-12T14:33:37","date_gmt":"2024-11-12T13:33:37","guid":{"rendered":"https:\/\/vitalstoffversand.com\/produkt\/gen-adaptogene-antiestres-y-control-del-cortisol-120-capsulas\/"},"modified":"2026-03-12T11:57:59","modified_gmt":"2026-03-12T10:57:59","slug":"gen-adaptogene-antiestres-y-control-del-cortisol-120-capsulas","status":"publish","type":"product","link":"https:\/\/vitalstoffversand.com\/es\/producto\/gen-adaptogene-antiestres-y-control-del-cortisol-120-capsulas\/","title":{"rendered":"GEN <br>Adaptogene Antiestr\u00e9s y Control del Cortisol &#8211; 120 c\u00e1psulas"},"content":{"rendered":"<p>Adaptogene Antistress &amp; Cortisol Control contiene 8 extractos vegetales altamente dosificados y combinados entre s\u00ed que, seg\u00fan se ha demostrado cient\u00edficamente, reducen el estr\u00e9s, mejoran el bienestar y aumentan el rendimiento mental.<\/p>\n<ul>\n<li>Vegano<\/li>\n<li>Sin gluten<\/li>\n<li>Sin lactosa<\/li>\n<li>Sin OGM<\/li>\n<li>Fabricado seg\u00fan los estrictos est\u00e1ndares de calidad de la UE.<\/li>\n<\/ul>\n","protected":false},"excerpt":{"rendered":"<p>Adaptogene Antistress &amp; Cortisol Control contiene 8 extractos vegetales altamente dosificados y combinados entre s\u00ed que, seg\u00fan se ha demostrado cient\u00edficamente, reducen el estr\u00e9s, mejoran el bienestar y aumentan el rendimiento mental. Vegano Sin gluten Sin lactosa Sin OGM Fabricado seg\u00fan los estrictos est\u00e1ndares de calidad de la UE.<\/p>\n","protected":false},"featured_media":46368,"template":"","meta":{"_acf_changed":false},"product_brand":[10201],"product_cat":[350,363],"product_tag":[],"class_list":{"0":"post-22179","1":"product","2":"type-product","3":"status-publish","4":"has-post-thumbnail","6":"product_brand-gen-german-elite-nutrition-es","7":"product_cat-nutrientes","8":"product_cat-productos-de-a-z","10":"first","11":"instock","12":"taxable","13":"shipping-taxable","14":"purchasable","15":"product-type-simple"},"acf":[],"_links":{"self":[{"href":"https:\/\/vitalstoffversand.com\/es\/wp-json\/wp\/v2\/product\/22179","targetHints":{"allow":["GET"]}}],"collection":[{"href":"https:\/\/vitalstoffversand.com\/es\/wp-json\/wp\/v2\/product"}],"about":[{"href":"https:\/\/vitalstoffversand.com\/es\/wp-json\/wp\/v2\/types\/product"}],"wp:featuredmedia":[{"embeddable":true,"href":"https:\/\/vitalstoffversand.com\/es\/wp-json\/wp\/v2\/media\/46368"}],"wp:attachment":[{"href":"https:\/\/vitalstoffversand.com\/es\/wp-json\/wp\/v2\/media?parent=22179"}],"wp:term":[{"taxonomy":"product_brand","embeddable":true,"href":"https:\/\/vitalstoffversand.com\/es\/wp-json\/wp\/v2\/product_brand?post=22179"},{"taxonomy":"product_cat","embeddable":true,"href":"https:\/\/vitalstoffversand.com\/es\/wp-json\/wp\/v2\/product_cat?post=22179"},{"taxonomy":"product_tag","embeddable":true,"href":"https:\/\/vitalstoffversand.com\/es\/wp-json\/wp\/v2\/product_tag?post=22179"}],"curies":[{"name":"wp","href":"https:\/\/api.w.org\/{rel}","templated":true}]}}