{"id":21751,"date":"2024-11-12T14:32:07","date_gmt":"2024-11-12T13:32:07","guid":{"rendered":"https:\/\/vitalstoffversand.com\/produkt\/gen-testo-stack-pro-180-capsulas\/"},"modified":"2026-03-12T11:49:29","modified_gmt":"2026-03-12T10:49:29","slug":"gen-testo-stack-pro-180-capsulas","status":"publish","type":"product","link":"https:\/\/vitalstoffversand.com\/es\/producto\/gen-testo-stack-pro-180-capsulas\/","title":{"rendered":"GEN <br>Testo Stack Pro &#8211; 180 c\u00e1psulas"},"content":{"rendered":"<p>Testo Stack Pro es un potenciador del rendimiento y la musculaci\u00f3n que proporciona una combinaci\u00f3n \u00fanica de potentes extractos de plantas y oligoelementos esenciales que necesita para aumentar la fuerza, mejorar la resistencia y maximizar el crecimiento muscular.<\/p>\n<p>Utilice Testo Stack Pro para aumentar su producci\u00f3n de testosterona, la s\u00edntesis de prote\u00ednas, la fuerza y la resistencia, as\u00ed como su concentraci\u00f3n mental.<\/p>\n<ul>\n<li>Sin gluten<\/li>\n<li>Sin lactosa<\/li>\n<li>Sin OGM<\/li>\n<li>Fabricado seg\u00fan los estrictos est\u00e1ndares de calidad de la UE.<\/li>\n<\/ul>\n","protected":false},"excerpt":{"rendered":"<p>Testo Stack Pro es un potenciador del rendimiento y la musculaci\u00f3n que proporciona una combinaci\u00f3n \u00fanica de potentes extractos de plantas y oligoelementos esenciales que necesita para aumentar la fuerza, mejorar la resistencia y maximizar el crecimiento muscular. Utilice Testo Stack Pro para aumentar su producci\u00f3n de testosterona, la s\u00edntesis de prote\u00ednas, la fuerza y [&hellip;]<\/p>\n","protected":false},"featured_media":46120,"template":"","meta":{"_acf_changed":false},"product_brand":[10201],"product_cat":[351,363],"product_tag":[],"class_list":{"0":"post-21751","1":"product","2":"type-product","3":"status-publish","4":"has-post-thumbnail","6":"product_brand-gen-german-elite-nutrition-es","7":"product_cat-deporte-suplementario","8":"product_cat-productos-de-a-z","10":"first","11":"instock","12":"taxable","13":"shipping-taxable","14":"purchasable","15":"product-type-simple"},"acf":[],"_links":{"self":[{"href":"https:\/\/vitalstoffversand.com\/es\/wp-json\/wp\/v2\/product\/21751","targetHints":{"allow":["GET"]}}],"collection":[{"href":"https:\/\/vitalstoffversand.com\/es\/wp-json\/wp\/v2\/product"}],"about":[{"href":"https:\/\/vitalstoffversand.com\/es\/wp-json\/wp\/v2\/types\/product"}],"wp:featuredmedia":[{"embeddable":true,"href":"https:\/\/vitalstoffversand.com\/es\/wp-json\/wp\/v2\/media\/46120"}],"wp:attachment":[{"href":"https:\/\/vitalstoffversand.com\/es\/wp-json\/wp\/v2\/media?parent=21751"}],"wp:term":[{"taxonomy":"product_brand","embeddable":true,"href":"https:\/\/vitalstoffversand.com\/es\/wp-json\/wp\/v2\/product_brand?post=21751"},{"taxonomy":"product_cat","embeddable":true,"href":"https:\/\/vitalstoffversand.com\/es\/wp-json\/wp\/v2\/product_cat?post=21751"},{"taxonomy":"product_tag","embeddable":true,"href":"https:\/\/vitalstoffversand.com\/es\/wp-json\/wp\/v2\/product_tag?post=21751"}],"curies":[{"name":"wp","href":"https:\/\/api.w.org\/{rel}","templated":true}]}}