{"id":21736,"date":"2024-11-12T13:12:14","date_gmt":"2024-11-12T12:12:14","guid":{"rendered":"https:\/\/vitalstoffversand.com\/produkt\/gen-agua-fuera-180-capsulas\/"},"modified":"2026-03-12T11:47:42","modified_gmt":"2026-03-12T10:47:42","slug":"gen-agua-fuera-180-capsulas","status":"publish","type":"product","link":"https:\/\/vitalstoffversand.com\/es\/producto\/gen-agua-fuera-180-capsulas\/","title":{"rendered":"GEN <br>Flujo de agua &#8211; 180 c\u00e1psulas"},"content":{"rendered":"<p>Water Flow &#8211; Drain &amp; Water Balance ha sido desarrollado para favorecer el equilibrio natural del ciclo del agua en nuestro organismo.<\/p>\n<p>Una combinaci\u00f3n cuidadosamente seleccionada de 8 extractos naturales aprovecha los efectos sin\u00e9rgicos de cada uno de sus componentes.<\/p>\n<ul>\n<li>Vegano<\/li>\n<li>Sin gluten<\/li>\n<li>Sin lactosa<\/li>\n<li>Sin OGM<\/li>\n<li>Fabricado seg\u00fan los estrictos est\u00e1ndares de calidad de la UE.<\/li>\n<\/ul>\n","protected":false},"excerpt":{"rendered":"<p>Water Flow &#8211; Drain &amp; Water Balance ha sido desarrollado para favorecer el equilibrio natural del ciclo del agua en nuestro organismo. Una combinaci\u00f3n cuidadosamente seleccionada de 8 extractos naturales aprovecha los efectos sin\u00e9rgicos de cada uno de sus componentes. Vegano Sin gluten Sin lactosa Sin OGM Fabricado seg\u00fan los estrictos est\u00e1ndares de calidad de [&hellip;]<\/p>\n","protected":false},"featured_media":46112,"template":"","meta":{"_acf_changed":false},"product_brand":[10201],"product_cat":[350,363],"product_tag":[],"class_list":{"0":"post-21736","1":"product","2":"type-product","3":"status-publish","4":"has-post-thumbnail","6":"product_brand-gen-german-elite-nutrition-es","7":"product_cat-nutrientes","8":"product_cat-productos-de-a-z","10":"first","11":"instock","12":"taxable","13":"shipping-taxable","14":"purchasable","15":"product-type-simple"},"acf":[],"_links":{"self":[{"href":"https:\/\/vitalstoffversand.com\/es\/wp-json\/wp\/v2\/product\/21736","targetHints":{"allow":["GET"]}}],"collection":[{"href":"https:\/\/vitalstoffversand.com\/es\/wp-json\/wp\/v2\/product"}],"about":[{"href":"https:\/\/vitalstoffversand.com\/es\/wp-json\/wp\/v2\/types\/product"}],"wp:featuredmedia":[{"embeddable":true,"href":"https:\/\/vitalstoffversand.com\/es\/wp-json\/wp\/v2\/media\/46112"}],"wp:attachment":[{"href":"https:\/\/vitalstoffversand.com\/es\/wp-json\/wp\/v2\/media?parent=21736"}],"wp:term":[{"taxonomy":"product_brand","embeddable":true,"href":"https:\/\/vitalstoffversand.com\/es\/wp-json\/wp\/v2\/product_brand?post=21736"},{"taxonomy":"product_cat","embeddable":true,"href":"https:\/\/vitalstoffversand.com\/es\/wp-json\/wp\/v2\/product_cat?post=21736"},{"taxonomy":"product_tag","embeddable":true,"href":"https:\/\/vitalstoffversand.com\/es\/wp-json\/wp\/v2\/product_tag?post=21736"}],"curies":[{"name":"wp","href":"https:\/\/api.w.org\/{rel}","templated":true}]}}