{"id":21694,"date":"2024-11-12T13:04:39","date_gmt":"2024-11-12T12:04:39","guid":{"rendered":"https:\/\/vitalstoffversand.com\/produkt\/gen-liver-essentials-180-capsulas\/"},"modified":"2026-03-11T15:14:27","modified_gmt":"2026-03-11T14:14:27","slug":"gen-liver-essentials-180-capsulas","status":"publish","type":"product","link":"https:\/\/vitalstoffversand.com\/es\/producto\/gen-liver-essentials-180-capsulas\/","title":{"rendered":"GEN <br>Liver Essentials &#8211; 180 c\u00e1psulas"},"content":{"rendered":"<p>Liver Essentials es una f\u00f3rmula especial de 11 ingredientes activos dise\u00f1ada para ayudar especialmente al h\u00edgado.<\/p>\n<p>Se ha demostrado que la colina que contiene (aqu\u00ed como bitartrato de colina) contribuye al funcionamiento normal del h\u00edgado, seg\u00fan la declaraci\u00f3n de propiedades saludables de la EFSA.<\/p>\n<p>Los extractos de cardo mariano, ra\u00edz de diente de le\u00f3n, alcachofa, desmodium, schisandra, jengibre y sophora japonica se utilizan tradicionalmente desde hace siglos para favorecer la salud del h\u00edgado.<\/p>\n<p>La f\u00f3rmula se optimiza con otros ingredientes.<\/p>\n<ul>\n<li>Vegano<\/li>\n<li>Sin gluten<\/li>\n<li>Sin lactosa<\/li>\n<li>Sin OGM<\/li>\n<li>Fabricado seg\u00fan los estrictos est\u00e1ndares de calidad de la UE.<\/li>\n<\/ul>\n","protected":false},"excerpt":{"rendered":"<p>Liver Essentials es una f\u00f3rmula especial de 11 ingredientes activos dise\u00f1ada para ayudar especialmente al h\u00edgado. Se ha demostrado que la colina que contiene (aqu\u00ed como bitartrato de colina) contribuye al funcionamiento normal del h\u00edgado, seg\u00fan la declaraci\u00f3n de propiedades saludables de la EFSA. Los extractos de cardo mariano, ra\u00edz de diente de le\u00f3n, alcachofa, [&hellip;]<\/p>\n","protected":false},"featured_media":45839,"template":"","meta":{"_acf_changed":false},"product_brand":[10201],"product_cat":[350,363],"product_tag":[],"class_list":{"0":"post-21694","1":"product","2":"type-product","3":"status-publish","4":"has-post-thumbnail","6":"product_brand-gen-german-elite-nutrition-es","7":"product_cat-nutrientes","8":"product_cat-productos-de-a-z","10":"first","11":"instock","12":"taxable","13":"shipping-taxable","14":"purchasable","15":"product-type-simple"},"acf":[],"_links":{"self":[{"href":"https:\/\/vitalstoffversand.com\/es\/wp-json\/wp\/v2\/product\/21694","targetHints":{"allow":["GET"]}}],"collection":[{"href":"https:\/\/vitalstoffversand.com\/es\/wp-json\/wp\/v2\/product"}],"about":[{"href":"https:\/\/vitalstoffversand.com\/es\/wp-json\/wp\/v2\/types\/product"}],"wp:featuredmedia":[{"embeddable":true,"href":"https:\/\/vitalstoffversand.com\/es\/wp-json\/wp\/v2\/media\/45839"}],"wp:attachment":[{"href":"https:\/\/vitalstoffversand.com\/es\/wp-json\/wp\/v2\/media?parent=21694"}],"wp:term":[{"taxonomy":"product_brand","embeddable":true,"href":"https:\/\/vitalstoffversand.com\/es\/wp-json\/wp\/v2\/product_brand?post=21694"},{"taxonomy":"product_cat","embeddable":true,"href":"https:\/\/vitalstoffversand.com\/es\/wp-json\/wp\/v2\/product_cat?post=21694"},{"taxonomy":"product_tag","embeddable":true,"href":"https:\/\/vitalstoffversand.com\/es\/wp-json\/wp\/v2\/product_tag?post=21694"}],"curies":[{"name":"wp","href":"https:\/\/api.w.org\/{rel}","templated":true}]}}