{"id":21597,"date":"2024-11-12T12:37:25","date_gmt":"2024-11-12T11:37:25","guid":{"rendered":"https:\/\/vitalstoffversand.com\/produkt\/gen-whey-protein-complex-1000-g-diferentes-sabores\/"},"modified":"2026-03-30T15:12:35","modified_gmt":"2026-03-30T13:12:35","slug":"gen-whey-protein-complex-1000-g-diferentes-sabores","status":"publish","type":"product","link":"https:\/\/vitalstoffversand.com\/es\/producto\/gen-whey-protein-complex-1000-g-diferentes-sabores\/","title":{"rendered":"GEN <br>Whey Protein Complex &#8211; 1000 g &#8211; diferentes sabores"},"content":{"rendered":"<p>Whey Protein Complex es una fuente de prote\u00ednas de alta calidad elaborada a partir de concentrado de prote\u00edna de suero (WPC) y aislado de prote\u00edna de suero (WPI).<\/p>\n<p>Contiene una proporci\u00f3n muy elevada de amino\u00e1cidos esenciales y semiesenciales y se disuelve bien en leche y agua.<\/p>\n<p>Disponible en 22 deliciosos sabores, no solo es adecuado para los amantes del deporte, sino tambi\u00e9n para todos aquellos que llevan un estilo de vida activo o desean incorporar prote\u00edna en polvo a una dieta equilibrada.<\/p>\n<ul>\n<li>Fabricado seg\u00fan los estrictos est\u00e1ndares de calidad de la UE.<\/li>\n<\/ul>\n","protected":false},"excerpt":{"rendered":"<p>Whey Protein Complex es una fuente de prote\u00ednas de alta calidad elaborada a partir de concentrado de prote\u00edna de suero (WPC) y aislado de prote\u00edna de suero (WPI). Contiene una proporci\u00f3n muy elevada de amino\u00e1cidos esenciales y semiesenciales y se disuelve bien en leche y agua. Disponible en 22 deliciosos sabores, no solo es adecuado [&hellip;]<\/p>\n","protected":false},"featured_media":45311,"template":"","meta":{"_acf_changed":false},"product_brand":[10201],"product_cat":[343,363],"product_tag":[],"class_list":{"0":"post-21597","1":"product","2":"type-product","3":"status-publish","4":"has-post-thumbnail","6":"product_brand-gen-german-elite-nutrition-es","7":"product_cat-proteinas","8":"product_cat-productos-de-a-z","10":"first","11":"instock","12":"taxable","13":"shipping-taxable","14":"purchasable","15":"product-type-variable"},"acf":[],"_links":{"self":[{"href":"https:\/\/vitalstoffversand.com\/es\/wp-json\/wp\/v2\/product\/21597","targetHints":{"allow":["GET"]}}],"collection":[{"href":"https:\/\/vitalstoffversand.com\/es\/wp-json\/wp\/v2\/product"}],"about":[{"href":"https:\/\/vitalstoffversand.com\/es\/wp-json\/wp\/v2\/types\/product"}],"wp:featuredmedia":[{"embeddable":true,"href":"https:\/\/vitalstoffversand.com\/es\/wp-json\/wp\/v2\/media\/45311"}],"wp:attachment":[{"href":"https:\/\/vitalstoffversand.com\/es\/wp-json\/wp\/v2\/media?parent=21597"}],"wp:term":[{"taxonomy":"product_brand","embeddable":true,"href":"https:\/\/vitalstoffversand.com\/es\/wp-json\/wp\/v2\/product_brand?post=21597"},{"taxonomy":"product_cat","embeddable":true,"href":"https:\/\/vitalstoffversand.com\/es\/wp-json\/wp\/v2\/product_cat?post=21597"},{"taxonomy":"product_tag","embeddable":true,"href":"https:\/\/vitalstoffversand.com\/es\/wp-json\/wp\/v2\/product_tag?post=21597"}],"curies":[{"name":"wp","href":"https:\/\/api.w.org\/{rel}","templated":true}]}}