{"id":21465,"date":"2024-11-12T12:25:24","date_gmt":"2024-11-12T11:25:24","guid":{"rendered":"https:\/\/vitalstoffversand.com\/produkt\/gen-l-carnitina-6000-liquido-1000-ml-diferentes-sabores\/"},"modified":"2026-03-30T15:07:23","modified_gmt":"2026-03-30T13:07:23","slug":"gen-l-carnitina-6000-liquido-1000-ml-diferentes-sabores","status":"publish","type":"product","link":"https:\/\/vitalstoffversand.com\/es\/producto\/gen-l-carnitina-6000-liquido-1000-ml-diferentes-sabores\/","title":{"rendered":"GEN <br>L-Carnitina 6000 L\u00edquido &#8211; 1000 ml &#8211; diferentes sabores"},"content":{"rendered":"<p>La L-carnitina es un factor importante en la conversi\u00f3n y el transporte de \u00e1cidos grasos para la producci\u00f3n de energ\u00eda en el organismo.<\/p>\n<p>Aunque nuestro cuerpo es capaz de producir L-carnitina a partir de los amino\u00e1cidos lisina y metionina, la suplementaci\u00f3n adicional puede ser \u00fatil para los vegetarianos y veganos en particular, ya que pr\u00e1cticamente no hay ingesta suplementaria a trav\u00e9s de los alimentos.<\/p>\n<ul>\n<li>Vegano<\/li>\n<li>Sin gluten<\/li>\n<li>Sin lactosa<\/li>\n<li>Sin OGM<\/li>\n<li>Fabricado seg\u00fan los estrictos est\u00e1ndares de calidad de la UE.<\/li>\n<\/ul>\n","protected":false},"excerpt":{"rendered":"<p>La L-carnitina es un factor importante en la conversi\u00f3n y el transporte de \u00e1cidos grasos para la producci\u00f3n de energ\u00eda en el organismo. Aunque nuestro cuerpo es capaz de producir L-carnitina a partir de los amino\u00e1cidos lisina y metionina, la suplementaci\u00f3n adicional puede ser \u00fatil para los vegetarianos y veganos en particular, ya que pr\u00e1cticamente [&hellip;]<\/p>\n","protected":false},"featured_media":45119,"template":"","meta":{"_acf_changed":false},"product_brand":[10201],"product_cat":[350,363],"product_tag":[],"class_list":{"0":"post-21465","1":"product","2":"type-product","3":"status-publish","4":"has-post-thumbnail","6":"product_brand-gen-german-elite-nutrition-es","7":"product_cat-nutrientes","8":"product_cat-productos-de-a-z","10":"first","11":"instock","12":"taxable","13":"shipping-taxable","14":"purchasable","15":"product-type-variable"},"acf":[],"_links":{"self":[{"href":"https:\/\/vitalstoffversand.com\/es\/wp-json\/wp\/v2\/product\/21465","targetHints":{"allow":["GET"]}}],"collection":[{"href":"https:\/\/vitalstoffversand.com\/es\/wp-json\/wp\/v2\/product"}],"about":[{"href":"https:\/\/vitalstoffversand.com\/es\/wp-json\/wp\/v2\/types\/product"}],"wp:featuredmedia":[{"embeddable":true,"href":"https:\/\/vitalstoffversand.com\/es\/wp-json\/wp\/v2\/media\/45119"}],"wp:attachment":[{"href":"https:\/\/vitalstoffversand.com\/es\/wp-json\/wp\/v2\/media?parent=21465"}],"wp:term":[{"taxonomy":"product_brand","embeddable":true,"href":"https:\/\/vitalstoffversand.com\/es\/wp-json\/wp\/v2\/product_brand?post=21465"},{"taxonomy":"product_cat","embeddable":true,"href":"https:\/\/vitalstoffversand.com\/es\/wp-json\/wp\/v2\/product_cat?post=21465"},{"taxonomy":"product_tag","embeddable":true,"href":"https:\/\/vitalstoffversand.com\/es\/wp-json\/wp\/v2\/product_tag?post=21465"}],"curies":[{"name":"wp","href":"https:\/\/api.w.org\/{rel}","templated":true}]}}