{"id":21333,"date":"2024-11-12T12:18:13","date_gmt":"2024-11-12T11:18:13","guid":{"rendered":"https:\/\/vitalstoffversand.com\/produkt\/gen-creatine-ultra-caps-diferentes-cantidades\/"},"modified":"2026-03-11T14:54:32","modified_gmt":"2026-03-11T13:54:32","slug":"gen-creatine-ultra-caps-diferentes-cantidades","status":"publish","type":"product","link":"https:\/\/vitalstoffversand.com\/es\/producto\/gen-creatine-ultra-caps-diferentes-cantidades\/","title":{"rendered":"GEN <br>Creatina Ultra Caps &#8211; 420 c\u00e1psulas"},"content":{"rendered":"<p>Apenas hay deportistas que no est\u00e9n familiarizados con la <a href=\"https:\/\/vitalstoffversand.com\/knowledge-base\/creatin-kreatin\/\" target=\"_blank\" rel=\"noopener\"><span style=\"color: #0000ff;\"><strong>\u2192creatina<\/strong><\/span><\/a>, ya que es uno de los suplementos nutricionales m\u00e1s conocidos y consumidos en el deporte.<\/p>\n<p>Creatine Ultra Caps tiene una dosis muy alta de 1250 mg de ingrediente activo por c\u00e1psula.<\/p>\n<ul>\n<li>Sin gluten<\/li>\n<li>Sin lactosa<\/li>\n<li>Sin OGM<\/li>\n<li>Fabricado seg\u00fan los estrictos est\u00e1ndares de calidad de la UE.<\/li>\n<\/ul>\n","protected":false},"excerpt":{"rendered":"<p>Apenas hay deportistas que no est\u00e9n familiarizados con la \u2192creatina, ya que es uno de los suplementos nutricionales m\u00e1s conocidos y consumidos en el deporte. Creatine Ultra Caps tiene una dosis muy alta de 1250 mg de ingrediente activo por c\u00e1psula. Sin gluten Sin lactosa Sin OGM Fabricado seg\u00fan los estrictos est\u00e1ndares de calidad de [&hellip;]<\/p>\n","protected":false},"featured_media":44911,"template":"","meta":{"_acf_changed":false},"product_brand":[10201],"product_cat":[350,363],"product_tag":[],"class_list":{"0":"post-21333","1":"product","2":"type-product","3":"status-publish","4":"has-post-thumbnail","6":"product_brand-gen-german-elite-nutrition-es","7":"product_cat-nutrientes","8":"product_cat-productos-de-a-z","10":"first","11":"instock","12":"taxable","13":"shipping-taxable","14":"purchasable","15":"product-type-simple"},"acf":[],"_links":{"self":[{"href":"https:\/\/vitalstoffversand.com\/es\/wp-json\/wp\/v2\/product\/21333","targetHints":{"allow":["GET"]}}],"collection":[{"href":"https:\/\/vitalstoffversand.com\/es\/wp-json\/wp\/v2\/product"}],"about":[{"href":"https:\/\/vitalstoffversand.com\/es\/wp-json\/wp\/v2\/types\/product"}],"wp:featuredmedia":[{"embeddable":true,"href":"https:\/\/vitalstoffversand.com\/es\/wp-json\/wp\/v2\/media\/44911"}],"wp:attachment":[{"href":"https:\/\/vitalstoffversand.com\/es\/wp-json\/wp\/v2\/media?parent=21333"}],"wp:term":[{"taxonomy":"product_brand","embeddable":true,"href":"https:\/\/vitalstoffversand.com\/es\/wp-json\/wp\/v2\/product_brand?post=21333"},{"taxonomy":"product_cat","embeddable":true,"href":"https:\/\/vitalstoffversand.com\/es\/wp-json\/wp\/v2\/product_cat?post=21333"},{"taxonomy":"product_tag","embeddable":true,"href":"https:\/\/vitalstoffversand.com\/es\/wp-json\/wp\/v2\/product_tag?post=21333"}],"curies":[{"name":"wp","href":"https:\/\/api.w.org\/{rel}","templated":true}]}}