{"id":21278,"date":"2024-11-12T12:06:14","date_gmt":"2024-11-12T11:06:14","guid":{"rendered":"https:\/\/vitalstoffversand.com\/produkt\/gen-l-carnitina-triple-complex-120-capsulas\/"},"modified":"2026-03-11T14:44:58","modified_gmt":"2026-03-11T13:44:58","slug":"gen-l-carnitina-triple-complex-120-capsulas","status":"publish","type":"product","link":"https:\/\/vitalstoffversand.com\/es\/producto\/gen-l-carnitina-triple-complex-120-capsulas\/","title":{"rendered":"GEN <br>L-Carnitina Triple Complex &#8211; 120 c\u00e1psulas"},"content":{"rendered":"<p>L-Carnitine Triple Complex contiene 3 de los compuestos de L-carnitina m\u00e1s populares e impresiona por su biodisponibilidad y concentraci\u00f3n extremadamente altas, as\u00ed como por la liberaci\u00f3n retardada de los principios activos, de modo que se garantiza un suministro \u00f3ptimo.<\/p>\n<p>La L-carnitina interviene en el metabolismo energ\u00e9tico y desempe\u00f1a un papel clave en la conversi\u00f3n de los \u00e1cidos grasos en energ\u00eda.<\/p>\n<p>La suplementaci\u00f3n con L-carnitina puede ser especialmente \u00fatil para vegetarianos y veganos, ya que se encuentra casi exclusivamente en productos de origen animal.<\/p>\n<ul>\n<li>Vegano<\/li>\n<li>Sin gluten<\/li>\n<li>Sin lactosa<\/li>\n<li>Sin OGM<\/li>\n<li>Fabricado seg\u00fan los estrictos est\u00e1ndares de calidad de la UE.<\/li>\n<\/ul>\n","protected":false},"excerpt":{"rendered":"<p>L-Carnitine Triple Complex contiene 3 de los compuestos de L-carnitina m\u00e1s populares e impresiona por su biodisponibilidad y concentraci\u00f3n extremadamente altas, as\u00ed como por la liberaci\u00f3n retardada de los principios activos, de modo que se garantiza un suministro \u00f3ptimo. La L-carnitina interviene en el metabolismo energ\u00e9tico y desempe\u00f1a un papel clave en la conversi\u00f3n de [&hellip;]<\/p>\n","protected":false},"featured_media":44703,"template":"","meta":{"_acf_changed":false},"product_brand":[10201],"product_cat":[350,363],"product_tag":[],"class_list":{"0":"post-21278","1":"product","2":"type-product","3":"status-publish","4":"has-post-thumbnail","6":"product_brand-gen-german-elite-nutrition-es","7":"product_cat-nutrientes","8":"product_cat-productos-de-a-z","10":"first","11":"instock","12":"taxable","13":"shipping-taxable","14":"purchasable","15":"product-type-simple"},"acf":[],"_links":{"self":[{"href":"https:\/\/vitalstoffversand.com\/es\/wp-json\/wp\/v2\/product\/21278","targetHints":{"allow":["GET"]}}],"collection":[{"href":"https:\/\/vitalstoffversand.com\/es\/wp-json\/wp\/v2\/product"}],"about":[{"href":"https:\/\/vitalstoffversand.com\/es\/wp-json\/wp\/v2\/types\/product"}],"wp:featuredmedia":[{"embeddable":true,"href":"https:\/\/vitalstoffversand.com\/es\/wp-json\/wp\/v2\/media\/44703"}],"wp:attachment":[{"href":"https:\/\/vitalstoffversand.com\/es\/wp-json\/wp\/v2\/media?parent=21278"}],"wp:term":[{"taxonomy":"product_brand","embeddable":true,"href":"https:\/\/vitalstoffversand.com\/es\/wp-json\/wp\/v2\/product_brand?post=21278"},{"taxonomy":"product_cat","embeddable":true,"href":"https:\/\/vitalstoffversand.com\/es\/wp-json\/wp\/v2\/product_cat?post=21278"},{"taxonomy":"product_tag","embeddable":true,"href":"https:\/\/vitalstoffversand.com\/es\/wp-json\/wp\/v2\/product_tag?post=21278"}],"curies":[{"name":"wp","href":"https:\/\/api.w.org\/{rel}","templated":true}]}}