{"id":21272,"date":"2024-11-12T12:01:17","date_gmt":"2024-11-12T11:01:17","guid":{"rendered":"https:\/\/vitalstoffversand.com\/produkt\/gen-l-citrulline-ultra-365-capsulas\/"},"modified":"2026-03-11T14:43:13","modified_gmt":"2026-03-11T13:43:13","slug":"gen-l-citrulline-ultra-365-capsulas","status":"publish","type":"product","link":"https:\/\/vitalstoffversand.com\/es\/producto\/gen-l-citrulline-ultra-365-capsulas\/","title":{"rendered":"GEN <br>L-Citrulline Ultra &#8211; 365 c\u00e1psulas"},"content":{"rendered":"<p>Como precursor de la arginina, que desempe\u00f1a un papel importante en nuestros vasos sangu\u00edneos y en la circulaci\u00f3n de la sangre, L-Citrulline Ultra es muy adecuado para un suministro retardado de arginina al organismo, ya que la citrulina debe convertirse primero en arginina en los ri\u00f1ones.<\/p>\n<p>Las c\u00e1psulas contienen L-citrulina DL-malato, lo que significa que la citrulina est\u00e1 esterificada con DL-malato.<\/p>\n<p>El DL-malato es especialmente interesante para los deportistas, ya que puede contribuir a tener m\u00e1s energ\u00eda y menos fatiga.<\/p>\n<ul>\n<li>Sin gluten<\/li>\n<li>Sin lactosa<\/li>\n<li>Sin OGM<\/li>\n<li>Fabricado seg\u00fan los estrictos est\u00e1ndares de calidad de la UE.<\/li>\n<\/ul>\n","protected":false},"excerpt":{"rendered":"<p>Como precursor de la arginina, que desempe\u00f1a un papel importante en nuestros vasos sangu\u00edneos y en la circulaci\u00f3n de la sangre, L-Citrulline Ultra es muy adecuado para un suministro retardado de arginina al organismo, ya que la citrulina debe convertirse primero en arginina en los ri\u00f1ones. Las c\u00e1psulas contienen L-citrulina DL-malato, lo que significa que [&hellip;]<\/p>\n","protected":false},"featured_media":44663,"template":"","meta":{"_acf_changed":false},"product_brand":[10201],"product_cat":[334,363],"product_tag":[],"class_list":{"0":"post-21272","1":"product","2":"type-product","3":"status-publish","4":"has-post-thumbnail","6":"product_brand-gen-german-elite-nutrition-es","7":"product_cat-aminoacidos","8":"product_cat-productos-de-a-z","10":"first","11":"instock","12":"taxable","13":"shipping-taxable","14":"purchasable","15":"product-type-simple"},"acf":[],"_links":{"self":[{"href":"https:\/\/vitalstoffversand.com\/es\/wp-json\/wp\/v2\/product\/21272","targetHints":{"allow":["GET"]}}],"collection":[{"href":"https:\/\/vitalstoffversand.com\/es\/wp-json\/wp\/v2\/product"}],"about":[{"href":"https:\/\/vitalstoffversand.com\/es\/wp-json\/wp\/v2\/types\/product"}],"wp:featuredmedia":[{"embeddable":true,"href":"https:\/\/vitalstoffversand.com\/es\/wp-json\/wp\/v2\/media\/44663"}],"wp:attachment":[{"href":"https:\/\/vitalstoffversand.com\/es\/wp-json\/wp\/v2\/media?parent=21272"}],"wp:term":[{"taxonomy":"product_brand","embeddable":true,"href":"https:\/\/vitalstoffversand.com\/es\/wp-json\/wp\/v2\/product_brand?post=21272"},{"taxonomy":"product_cat","embeddable":true,"href":"https:\/\/vitalstoffversand.com\/es\/wp-json\/wp\/v2\/product_cat?post=21272"},{"taxonomy":"product_tag","embeddable":true,"href":"https:\/\/vitalstoffversand.com\/es\/wp-json\/wp\/v2\/product_tag?post=21272"}],"curies":[{"name":"wp","href":"https:\/\/api.w.org\/{rel}","templated":true}]}}