{"id":21256,"date":"2024-11-12T11:49:36","date_gmt":"2024-11-12T10:49:36","guid":{"rendered":"https:\/\/vitalstoffversand.com\/produkt\/gen-l-glutamina-365-capsulas\/"},"modified":"2026-03-11T14:34:46","modified_gmt":"2026-03-11T13:34:46","slug":"gen-l-glutamina-365-capsulas","status":"publish","type":"product","link":"https:\/\/vitalstoffversand.com\/es\/producto\/gen-l-glutamina-365-capsulas\/","title":{"rendered":"GEN <br>L-Glutamina &#8211; 365 c\u00e1psulas"},"content":{"rendered":"<p>Como amino\u00e1cido semiesencial, debemos ingerir la mayor parte de la L-glutamina a trav\u00e9s de la dieta.<\/p>\n<p>La importancia de la L-glutamina para el organismo queda demostrada por su elevada proporci\u00f3n de alrededor del 60 % de todos los amino\u00e1cidos en el tejido muscular.<\/p>\n<p>All\u00ed es responsable de diversos procesos metab\u00f3licos y, en particular, de la s\u00edntesis de prote\u00ednas.<\/p>\n<p>La suplementaci\u00f3n en forma de c\u00e1psulas facilita su toma, especialmente inmediatamente despu\u00e9s del entrenamiento, ya que las c\u00e1psulas son f\u00e1ciles de llevar consigo.<\/p>\n<ul>\n<li>Sin gluten<\/li>\n<li>Sin lactosa<\/li>\n<li>Sin OGM<\/li>\n<li>Fabricado seg\u00fan los estrictos est\u00e1ndares de calidad de la UE.<\/li>\n<\/ul>\n","protected":false},"excerpt":{"rendered":"<p>Como amino\u00e1cido semiesencial, debemos ingerir la mayor parte de la L-glutamina a trav\u00e9s de la dieta. La importancia de la L-glutamina para el organismo queda demostrada por su elevada proporci\u00f3n de alrededor del 60 % de todos los amino\u00e1cidos en el tejido muscular. All\u00ed es responsable de diversos procesos metab\u00f3licos y, en particular, de la [&hellip;]<\/p>\n","protected":false},"featured_media":44519,"template":"","meta":{"_acf_changed":false},"product_brand":[10201],"product_cat":[334,363],"product_tag":[],"class_list":{"0":"post-21256","1":"product","2":"type-product","3":"status-publish","4":"has-post-thumbnail","6":"product_brand-gen-german-elite-nutrition-es","7":"product_cat-aminoacidos","8":"product_cat-productos-de-a-z","10":"first","11":"instock","12":"taxable","13":"shipping-taxable","14":"purchasable","15":"product-type-simple"},"acf":[],"_links":{"self":[{"href":"https:\/\/vitalstoffversand.com\/es\/wp-json\/wp\/v2\/product\/21256","targetHints":{"allow":["GET"]}}],"collection":[{"href":"https:\/\/vitalstoffversand.com\/es\/wp-json\/wp\/v2\/product"}],"about":[{"href":"https:\/\/vitalstoffversand.com\/es\/wp-json\/wp\/v2\/types\/product"}],"wp:featuredmedia":[{"embeddable":true,"href":"https:\/\/vitalstoffversand.com\/es\/wp-json\/wp\/v2\/media\/44519"}],"wp:attachment":[{"href":"https:\/\/vitalstoffversand.com\/es\/wp-json\/wp\/v2\/media?parent=21256"}],"wp:term":[{"taxonomy":"product_brand","embeddable":true,"href":"https:\/\/vitalstoffversand.com\/es\/wp-json\/wp\/v2\/product_brand?post=21256"},{"taxonomy":"product_cat","embeddable":true,"href":"https:\/\/vitalstoffversand.com\/es\/wp-json\/wp\/v2\/product_cat?post=21256"},{"taxonomy":"product_tag","embeddable":true,"href":"https:\/\/vitalstoffversand.com\/es\/wp-json\/wp\/v2\/product_tag?post=21256"}],"curies":[{"name":"wp","href":"https:\/\/api.w.org\/{rel}","templated":true}]}}