{"id":21250,"date":"2024-11-12T11:47:55","date_gmt":"2024-11-12T10:47:55","guid":{"rendered":"https:\/\/vitalstoffversand.com\/produkt\/gen-l-glutamina-750-g\/"},"modified":"2026-03-11T14:33:51","modified_gmt":"2026-03-11T13:33:51","slug":"gen-l-glutamina-750-g","status":"publish","type":"product","link":"https:\/\/vitalstoffversand.com\/es\/producto\/gen-l-glutamina-750-g\/","title":{"rendered":"GEN <br>L-Glutamina &#8211; 750 g"},"content":{"rendered":"<p>La L-glutamina es uno de los amino\u00e1cidos semiesenciales que nuestro organismo produce por s\u00ed mismo en peque\u00f1as cantidades, pero cuya mayor parte debe ingerirse a trav\u00e9s de los alimentos.<\/p>\n<p>En su forma libre, la L-glutamina pura es el amino\u00e1cido m\u00e1s com\u00fan en el tejido muscular, alrededor del 60%, y desempe\u00f1a un papel importante en la s\u00edntesis de prote\u00ednas y otros procesos metab\u00f3licos.<\/p>\n<ul>\n<li>Vegano<\/li>\n<li>Sin gluten<\/li>\n<li>Sin lactosa<\/li>\n<li>Sin OGM<\/li>\n<li>Fabricado seg\u00fan los estrictos est\u00e1ndares de calidad de la UE.<\/li>\n<\/ul>\n","protected":false},"excerpt":{"rendered":"<p>La L-glutamina es uno de los amino\u00e1cidos semiesenciales que nuestro organismo produce por s\u00ed mismo en peque\u00f1as cantidades, pero cuya mayor parte debe ingerirse a trav\u00e9s de los alimentos. En su forma libre, la L-glutamina pura es el amino\u00e1cido m\u00e1s com\u00fan en el tejido muscular, alrededor del 60%, y desempe\u00f1a un papel importante en la [&hellip;]<\/p>\n","protected":false},"featured_media":44479,"template":"","meta":{"_acf_changed":false},"product_brand":[10201],"product_cat":[334,363],"product_tag":[],"class_list":{"0":"post-21250","1":"product","2":"type-product","3":"status-publish","4":"has-post-thumbnail","6":"product_brand-gen-german-elite-nutrition-es","7":"product_cat-aminoacidos","8":"product_cat-productos-de-a-z","10":"first","11":"instock","12":"taxable","13":"shipping-taxable","14":"purchasable","15":"product-type-simple"},"acf":[],"_links":{"self":[{"href":"https:\/\/vitalstoffversand.com\/es\/wp-json\/wp\/v2\/product\/21250","targetHints":{"allow":["GET"]}}],"collection":[{"href":"https:\/\/vitalstoffversand.com\/es\/wp-json\/wp\/v2\/product"}],"about":[{"href":"https:\/\/vitalstoffversand.com\/es\/wp-json\/wp\/v2\/types\/product"}],"wp:featuredmedia":[{"embeddable":true,"href":"https:\/\/vitalstoffversand.com\/es\/wp-json\/wp\/v2\/media\/44479"}],"wp:attachment":[{"href":"https:\/\/vitalstoffversand.com\/es\/wp-json\/wp\/v2\/media?parent=21250"}],"wp:term":[{"taxonomy":"product_brand","embeddable":true,"href":"https:\/\/vitalstoffversand.com\/es\/wp-json\/wp\/v2\/product_brand?post=21250"},{"taxonomy":"product_cat","embeddable":true,"href":"https:\/\/vitalstoffversand.com\/es\/wp-json\/wp\/v2\/product_cat?post=21250"},{"taxonomy":"product_tag","embeddable":true,"href":"https:\/\/vitalstoffversand.com\/es\/wp-json\/wp\/v2\/product_tag?post=21250"}],"curies":[{"name":"wp","href":"https:\/\/api.w.org\/{rel}","templated":true}]}}