{"id":21240,"date":"2024-11-12T11:44:08","date_gmt":"2024-11-12T10:44:08","guid":{"rendered":"https:\/\/vitalstoffversand.com\/produkt\/gen-taurina-500-g\/"},"modified":"2026-03-11T14:28:06","modified_gmt":"2026-03-11T13:28:06","slug":"gen-taurina-500-g","status":"publish","type":"product","link":"https:\/\/vitalstoffversand.com\/es\/producto\/gen-taurina-500-g\/","title":{"rendered":"GEN <br>L-taurina &#8211; 500 g"},"content":{"rendered":"<p>La taurina es a menudo un componente de las \u00abbebidas energ\u00e9ticas\u00bb y tiene numerosas funciones en el organismo.<\/p>\n<p>Tiene un efecto antioxidante, interviene en la digesti\u00f3n de las grasas y tambi\u00e9n desempe\u00f1a un papel en el desarrollo del sistema nervioso central del coraz\u00f3n y en el control de los latidos card\u00edacos.<\/p>\n<ul>\n<li>Vegano<\/li>\n<li>Sin gluten<\/li>\n<li>Sin lactosa<\/li>\n<li>Sin OGM<\/li>\n<li>Fabricado seg\u00fan los estrictos est\u00e1ndares de calidad de la UE.<\/li>\n<\/ul>\n","protected":false},"excerpt":{"rendered":"<p>La taurina es a menudo un componente de las \u00abbebidas energ\u00e9ticas\u00bb y tiene numerosas funciones en el organismo. Tiene un efecto antioxidante, interviene en la digesti\u00f3n de las grasas y tambi\u00e9n desempe\u00f1a un papel en el desarrollo del sistema nervioso central del coraz\u00f3n y en el control de los latidos card\u00edacos. Vegano Sin gluten Sin [&hellip;]<\/p>\n","protected":false},"featured_media":44399,"template":"","meta":{"_acf_changed":false},"product_brand":[10201],"product_cat":[350,363],"product_tag":[],"class_list":{"0":"post-21240","1":"product","2":"type-product","3":"status-publish","4":"has-post-thumbnail","6":"product_brand-gen-german-elite-nutrition-es","7":"product_cat-nutrientes","8":"product_cat-productos-de-a-z","10":"first","11":"instock","12":"taxable","13":"shipping-taxable","14":"purchasable","15":"product-type-simple"},"acf":[],"_links":{"self":[{"href":"https:\/\/vitalstoffversand.com\/es\/wp-json\/wp\/v2\/product\/21240","targetHints":{"allow":["GET"]}}],"collection":[{"href":"https:\/\/vitalstoffversand.com\/es\/wp-json\/wp\/v2\/product"}],"about":[{"href":"https:\/\/vitalstoffversand.com\/es\/wp-json\/wp\/v2\/types\/product"}],"wp:featuredmedia":[{"embeddable":true,"href":"https:\/\/vitalstoffversand.com\/es\/wp-json\/wp\/v2\/media\/44399"}],"wp:attachment":[{"href":"https:\/\/vitalstoffversand.com\/es\/wp-json\/wp\/v2\/media?parent=21240"}],"wp:term":[{"taxonomy":"product_brand","embeddable":true,"href":"https:\/\/vitalstoffversand.com\/es\/wp-json\/wp\/v2\/product_brand?post=21240"},{"taxonomy":"product_cat","embeddable":true,"href":"https:\/\/vitalstoffversand.com\/es\/wp-json\/wp\/v2\/product_cat?post=21240"},{"taxonomy":"product_tag","embeddable":true,"href":"https:\/\/vitalstoffversand.com\/es\/wp-json\/wp\/v2\/product_tag?post=21240"}],"curies":[{"name":"wp","href":"https:\/\/api.w.org\/{rel}","templated":true}]}}